{"id":13,"date":"2016-01-28T14:24:17","date_gmt":"2016-01-28T14:24:17","guid":{"rendered":"http:\/\/bibliocode.edu-vd.ch\/?page_id=13"},"modified":"2016-03-15T13:34:39","modified_gmt":"2016-03-15T13:34:39","slug":"pour-bien-commencer","status":"publish","type":"page","link":"https:\/\/bibliocode.edu-vd.ch\/?page_id=13","title":{"rendered":"Pour bien commencer"},"content":{"rendered":"<h3>\u00a0Pour bien commencer<\/h3>\n<p>Bibliocode s&rsquo;appuie sur des pratiques d\u00e9j\u00e0 existantes dans les biblioth\u00e8ques en ajoutant une couche m\u00e9dia et num\u00e9rique. Des documents peuvent \u00eatre stock\u00e9s sur ce site par les biblioth\u00e9caires scolaires.<\/p>\n<p><img loading=\"lazy\" decoding=\"async\" class=\"wp-image-56 aligncenter\" src=\"https:\/\/bibliocode.edu-vd.ch\/wp-content\/uploads\/2015\/12\/roman-1024x464.png\" alt=\"roman\" width=\"777\" height=\"346\" \/><\/p>\n<p>&nbsp;<\/p>\n<p>Un minimum de mat\u00e9riel et quelques comp\u00e9tences sont cependant n\u00e9cessaires pour cr\u00e9er ou mener \u00e0 bien une activit\u00e9 dans une biblioth\u00e8que scolaire :<\/p>\n<ul>\n<li>un ordinateur \u00e9quip\u00e9 d&rsquo;une cam\u00e9ra et d&rsquo;un acc\u00e8s au Web (WIFI ou 3G),<\/li>\n<li>une tablette ou un smartphone \u00e9quip\u00e9 d&rsquo;une cam\u00e9ra et d&rsquo;un acc\u00e8s au Web ,<\/li>\n<li>des codes QR qui pointent vers des pages Web sp\u00e9cifiques,<\/li>\n<li>un acc\u00e8s au site Bibliocode\u00a0pour cr\u00e9er une activit\u00e9,<\/li>\n<li>quelques notions pour cr\u00e9er une page sur WordPress (cr\u00e9ation d&rsquo;articles)<\/li>\n<li>une application permettant la lecture et l&rsquo;affichage des codes QR sur l&rsquo;ordinateur ou sur la tablette.<\/li>\n<\/ul>\n<p>L&rsquo;usage de la tablette facilite le d\u00e9placement et le travail des \u00e9l\u00e8ves dans la biblioth\u00e8que, mais un ordinateur \u00e9quip\u00e9 d&rsquo;une cam\u00e9ra peut suffire. Il faut pour cela d\u00e9placer l&rsquo;objet disposant du code QR devant la cam\u00e9ra de l&rsquo;ordinateur.<\/p>\n<p>&nbsp;<\/p>\n","protected":false},"excerpt":{"rendered":"<p>\u00a0Pour bien commencer Bibliocode s&rsquo;appuie sur des pratiques d\u00e9j\u00e0 existantes dans les biblioth\u00e8ques en ajoutant une couche m\u00e9dia et num\u00e9rique. Des documents peuvent \u00eatre stock\u00e9s sur ce site par les&#8230;<\/p>\n","protected":false},"author":1,"featured_media":0,"parent":2,"menu_order":0,"comment_status":"closed","ping_status":"closed","template":"","meta":{"footnotes":""},"class_list":["post-13","page","type-page","status-publish","hentry"],"_links":{"self":[{"href":"https:\/\/bibliocode.edu-vd.ch\/index.php?rest_route=\/wp\/v2\/pages\/13","targetHints":{"allow":["GET"]}}],"collection":[{"href":"https:\/\/bibliocode.edu-vd.ch\/index.php?rest_route=\/wp\/v2\/pages"}],"about":[{"href":"https:\/\/bibliocode.edu-vd.ch\/index.php?rest_route=\/wp\/v2\/types\/page"}],"author":[{"embeddable":true,"href":"https:\/\/bibliocode.edu-vd.ch\/index.php?rest_route=\/wp\/v2\/users\/1"}],"replies":[{"embeddable":true,"href":"https:\/\/bibliocode.edu-vd.ch\/index.php?rest_route=%2Fwp%2Fv2%2Fcomments&post=13"}],"version-history":[{"count":15,"href":"https:\/\/bibliocode.edu-vd.ch\/index.php?rest_route=\/wp\/v2\/pages\/13\/revisions"}],"predecessor-version":[{"id":715,"href":"https:\/\/bibliocode.edu-vd.ch\/index.php?rest_route=\/wp\/v2\/pages\/13\/revisions\/715"}],"up":[{"embeddable":true,"href":"https:\/\/bibliocode.edu-vd.ch\/index.php?rest_route=\/wp\/v2\/pages\/2"}],"wp:attachment":[{"href":"https:\/\/bibliocode.edu-vd.ch\/index.php?rest_route=%2Fwp%2Fv2%2Fmedia&parent=13"}],"curies":[{"name":"wp","href":"https:\/\/api.w.org\/{rel}","templated":true}]}}