{"id":15,"date":"2016-01-28T15:22:35","date_gmt":"2016-01-28T15:22:35","guid":{"rendered":"http:\/\/bibliocode.edu-vd.ch\/?page_id=15"},"modified":"2016-03-15T13:55:03","modified_gmt":"2016-03-15T13:55:03","slug":"code-qr","status":"publish","type":"page","link":"https:\/\/bibliocode.edu-vd.ch\/?page_id=15","title":{"rendered":"Outils"},"content":{"rendered":"\r\n\t<div id=\"fws_6a006d9879dc4\" data-bg-mobile-hidden=\"\" class=\"wpb_row vc_row-fluid standard_section   \"  style=\"padding-top: 0px; padding-bottom: 0px; \"><div class=\"row-bg-wrap\"> <div class=\"row-bg   \" style=\"\"><\/div> <\/div><div class=\"col span_12 dark \">\n\t<div  class=\"vc_span12 wpb_column column_container col no-extra-padding\"  data-padding-pos=\"all\" data-hover-bg=\"\" data-animation=\"\" data-delay=\"0\">\n\t\t<div class=\"wpb_wrapper\">\n\t\t\t\n\t<div class=\"wpb_text_column wpb_content_element \">\n\t\t<div class=\"wpb_wrapper\">\n\t\t\t<h3>Outils<\/h3>\n<h4><strong>Les codes QR<\/strong><\/h4>\n<p>Les codes Quick Response (QR) ont investi notre espace public et\u00a0la technologie permettant leur lecture est accessible sur les smartphones. L&rsquo;avantage du code QR est sa facilit\u00e9 de cr\u00e9ation et d&rsquo;utilisation.<\/p>\n<p>Les codes QR peuvent contenir des adresses Web, des textes, des mots de passe. \u00a0Il suffit de disposer d&rsquo;un ordinateur ou un d&rsquo;un smartphone poss\u00e9dant une cam\u00e9ra et une application pour \u00eatre lus. Le code QR ci-dessous code cette adresse \u00ab\u00a0https:\/\/fr.wikipedia.org\/wiki\/Code_QR\u00a0\u00bb et vous renverra sur la sa d\u00e9finition sur\u00a0<a href=\"https:\/\/fr.wikipedia.org\/wiki\/Code_QR\" target=\"_blank\">Wikip\u00e9dia<\/a>.<\/p>\n<div id=\"attachment_108\" style=\"width: 160px\" class=\"wp-caption aligncenter\"><img loading=\"lazy\" decoding=\"async\" aria-describedby=\"caption-attachment-108\" class=\"wp-image-108 size-thumbnail\" src=\"https:\/\/bibliocode.edu-vd.ch\/wp-content\/uploads\/2015\/12\/QR-code-wikipedia-150x150.png\" alt=\"D\u00e9finition du code QR sur Wikip\u00e9dia\" width=\"150\" height=\"150\" srcset=\"https:\/\/bibliocode.edu-vd.ch\/wp-content\/uploads\/2015\/12\/QR-code-wikipedia-150x150.png 150w, https:\/\/bibliocode.edu-vd.ch\/wp-content\/uploads\/2015\/12\/QR-code-wikipedia-300x300.png 300w, https:\/\/bibliocode.edu-vd.ch\/wp-content\/uploads\/2015\/12\/QR-code-wikipedia-50x50.png 50w, https:\/\/bibliocode.edu-vd.ch\/wp-content\/uploads\/2015\/12\/QR-code-wikipedia-100x100.png 100w, https:\/\/bibliocode.edu-vd.ch\/wp-content\/uploads\/2015\/12\/QR-code-wikipedia.png 370w\" sizes=\"auto, (max-width: 150px) 100vw, 150px\" \/><p id=\"caption-attachment-108\" class=\"wp-caption-text\">D\u00e9finition du code QR sur Wikip\u00e9dia<\/p><\/div>\n<p>Un code QR renvoie donc \u00e0 une page d&rsquo;activit\u00e9. Ce dernier plac\u00e9 judicieusement au dos d&rsquo;un livre ou sur une \u00e9tag\u00e8re de la biblioth\u00e8que indique au public un compl\u00e9ment d&rsquo;information. Vous trouverez <a href=\"https:\/\/bibliocode.edu-vd.ch\/?page_id=71\">ici<\/a> quelques exemples d&rsquo;utilisation de codes au sein d&rsquo;une biblioth\u00e8que.<\/p>\n<p><a href=\"https:\/\/bibliocode.edu-vd.ch\/?page_id=65\">De quelle mani\u00e8re g\u00e9n\u00e9rer un code QR ?<\/a><\/p>\n<p><a href=\"https:\/\/bibliocode.edu-vd.ch\/?page_id=67\">De quelle mani\u00e8re lire un code QR ?<\/a><\/p>\n\n\t\t<\/div> \n\t<\/div> \n\t\t<\/div> \n\t<\/div> \n<\/div><\/div>\r\n\t<div id=\"fws_6a006d987a205\" data-bg-mobile-hidden=\"\" class=\"wpb_row vc_row-fluid standard_section   \"  style=\"padding-top: 0px; padding-bottom: 0px; \"><div class=\"row-bg-wrap\"> <div class=\"row-bg   \" style=\"\"><\/div> <\/div><div class=\"col span_12 dark \">\n\t<div  class=\"vc_span12 wpb_column column_container col no-extra-padding\"  data-padding-pos=\"all\" data-hover-bg=\"\" data-animation=\"\" data-delay=\"0\">\n\t\t<div class=\"wpb_wrapper\">\n\t\t\t<div  class=\"divider-small-border\"><\/div>\n\t\t<\/div> \n\t<\/div> \n<\/div><\/div>\r\n\t<div id=\"fws_6a006d987a34d\" data-bg-mobile-hidden=\"\" class=\"wpb_row vc_row-fluid standard_section   \"  style=\"padding-top: 0px; padding-bottom: 0px; \"><div class=\"row-bg-wrap\"> <div class=\"row-bg   \" style=\"\"><\/div> <\/div><div class=\"col span_12 dark left\">\n\t<div  class=\"vc_span12 wpb_column column_container col no-extra-padding\"  data-padding-pos=\"all\" data-hover-bg=\"\" data-animation=\"\" data-delay=\"0\">\n\t\t<div class=\"wpb_wrapper\">\n\t\t\t\n\t<div class=\"wpb_text_column wpb_content_element \">\n\t\t<div class=\"wpb_wrapper\">\n\t\t\t<h3><strong>Gestionnaire de contenus<\/strong><\/h3>\n<p><a href=\"http:\/\/www.wordpress-fr.net\">WordPress<\/a> est pour sa part un syst\u00e8me de gestion de contenus (CMS) polyvalent rapidement mis en oeuvre. L&rsquo;espace Web nous a gentiment \u00e9t\u00e9 mis \u00e0 disposition par la DOP-UIT. La cr\u00e9ation et la modification d&rsquo;une page ou d&rsquo;un article sont\u00a0tr\u00e8s intuitives. Ci-dessous une capture d&rsquo;\u00e9cran de l&rsquo;\u00e9dition d&rsquo;une page.<img loading=\"lazy\" decoding=\"async\" class=\"aligncenter wp-image-639 size-full\" src=\"https:\/\/bibliocode.edu-vd.ch\/wp-content\/uploads\/2016\/01\/editionwordpress.png\" alt=\"editionwordpress\" width=\"1351\" height=\"825\" srcset=\"https:\/\/bibliocode.edu-vd.ch\/wp-content\/uploads\/2016\/01\/editionwordpress.png 1351w, https:\/\/bibliocode.edu-vd.ch\/wp-content\/uploads\/2016\/01\/editionwordpress-300x183.png 300w, https:\/\/bibliocode.edu-vd.ch\/wp-content\/uploads\/2016\/01\/editionwordpress-768x469.png 768w, https:\/\/bibliocode.edu-vd.ch\/wp-content\/uploads\/2016\/01\/editionwordpress-1024x625.png 1024w\" sizes=\"auto, (max-width: 1351px) 100vw, 1351px\" \/><\/p>\n\n\t\t<\/div> \n\t<\/div> <div  class=\"divider-small-border\"><\/div>\n\t<div class=\"wpb_text_column wpb_content_element \">\n\t\t<div class=\"wpb_wrapper\">\n\t\t\t<h3>Illustrations<\/h3>\n<p>Pour vous permettre d&rsquo;illustrer vos activit\u00e9s, nous proposons une s\u00e9rie de bandeaux\u00a0repr\u00e9sentant diverses th\u00e9matiques. Nous fournissons volontiers ces dessins\u00a0aux biblioth\u00e8ques faisant partie de notre r\u00e9seau.<\/p>\n\n\t\t<\/div> \n\t<\/div> \n\t<div class=\"wpb_gallery wpb_content_element clearfix\">\n\t\t<div class=\"wpb_wrapper\"><div class=\"wpb_gallery_slidesimage_grid\" data-interval=\"3\">\r\n\r\n\t<div class=\"portfolio-wrap \">\r\n\t\t\t\r\n\t\t\t<span class=\"portfolio-loading\"><\/span>\r\n\r\n\t\t\t<div id=\"portfolio\" class=\"row portfolio-items no-masonry \" data-starting-filter=\"\" data-categories-to-show=\"\" data-col-num=\"cols-4\">\r\n\t\t\t\t\r\n\t\t\t\r\n\t\t\r\n\t\t\r\n\t<div class=\"col span_3 element\" data-project-cat=\"\" data-default-color=\"true\">\r\n\t\r\n\t\r\n\t\t\t\t\t\t\r\n\t\t\t\t\t\t\t\t\t\t\t\t\t\r\n\t\t\t\t\t\t\t<div class=\"work-item style-2\">\r\n\t\t\t\t\t\t\t\t\r\n\t\t\t\t\t\t\t\t<img loading=\"lazy\" decoding=\"async\" src=\"https:\/\/bibliocode.edu-vd.ch\/wp-content\/uploads\/2016\/03\/sorciere_450x238.jpg\" width=\"450\" height=\"238\" alt=\"sorciere_450x238\" \/>\t\t\t\r\n\t\t\t\t\t\t\t\t<div class=\"work-info-bg\"><\/div>\r\n\t\t\t\t\t\t\t\t<div class=\"work-info\">\r\n\t\t\t\t\t\t\t\t\t\r\n\t\t\t\t\t\t\t\t\t<i class=\"icon-salient-plus\"><\/i> \r\n\t\t\t\t\t\t\t\t\t\r\n\t\t\t\t\t\t\t\t\t\t\t\t\t\t\t\t   \t\t\t <a href=\"https:\/\/bibliocode.edu-vd.ch\/wp-content\/uploads\/2016\/03\/sorciere_450x238.jpg\"  rel=\"prettyPhoto[rel-1741965448]\"><\/a>\r\n\t\t\t\t\t\t\t   \t\t\t\t\r\n\t\t\t\t\t\t\t\t\t<div class=\"vert-center\">\r\n\t\t\t\t\t\t\t\t\t\t \r\n\t\t\t\t\t\t\t\t\t\t\t\r\n\t\t\t\t\t\t\t\t\t\t\t<h3>sorciere_450x238<\/h3> \r\n\t\t\t\t\t\t\t\t\t\t\t<p><\/p>\r\n\t\t\t\t\t\t\t\t\t\t\t\r\n\t\t\t\t\t\t\t\t\t\t\t\t\t\t\t\t\t\t\t<\/div><!--\/vert-center-->\r\n\t\t\t\t\t\t\t\t\t\r\n\t\t\t\t\t\t\t\t<\/div>\r\n\t\t\t\t\t\t\t<\/div><!--work-item-->\r\n\t\t\t\t\t\t\t\r\n\t\t\t\t\t\t<\/div>\t\r\n\t<div class=\"col span_3 element\" data-project-cat=\"\" data-default-color=\"true\">\r\n\t\r\n\t\r\n\t\t\t\t\t\t\r\n\t\t\t\t\t\t\t\t\t\t\t\t\t\r\n\t\t\t\t\t\t\t<div class=\"work-item style-2\">\r\n\t\t\t\t\t\t\t\t\r\n\t\t\t\t\t\t\t\t<img loading=\"lazy\" decoding=\"async\" src=\"https:\/\/bibliocode.edu-vd.ch\/wp-content\/uploads\/2016\/03\/presse_450x238.jpg\" width=\"450\" height=\"238\" alt=\"presse_450x238\" \/>\t\t\t\r\n\t\t\t\t\t\t\t\t<div class=\"work-info-bg\"><\/div>\r\n\t\t\t\t\t\t\t\t<div class=\"work-info\">\r\n\t\t\t\t\t\t\t\t\t\r\n\t\t\t\t\t\t\t\t\t<i class=\"icon-salient-plus\"><\/i> \r\n\t\t\t\t\t\t\t\t\t\r\n\t\t\t\t\t\t\t\t\t\t\t\t\t\t\t\t   \t\t\t <a href=\"https:\/\/bibliocode.edu-vd.ch\/wp-content\/uploads\/2016\/03\/presse_450x238.jpg\"  rel=\"prettyPhoto[rel-1741965448]\"><\/a>\r\n\t\t\t\t\t\t\t   \t\t\t\t\r\n\t\t\t\t\t\t\t\t\t<div class=\"vert-center\">\r\n\t\t\t\t\t\t\t\t\t\t \r\n\t\t\t\t\t\t\t\t\t\t\t\r\n\t\t\t\t\t\t\t\t\t\t\t<h3>presse_450x238<\/h3> \r\n\t\t\t\t\t\t\t\t\t\t\t<p><\/p>\r\n\t\t\t\t\t\t\t\t\t\t\t\r\n\t\t\t\t\t\t\t\t\t\t\t\t\t\t\t\t\t\t\t<\/div><!--\/vert-center-->\r\n\t\t\t\t\t\t\t\t\t\r\n\t\t\t\t\t\t\t\t<\/div>\r\n\t\t\t\t\t\t\t<\/div><!--work-item-->\r\n\t\t\t\t\t\t\t\r\n\t\t\t\t\t\t<\/div>\t\r\n\t<div class=\"col span_3 element\" data-project-cat=\"\" data-default-color=\"true\">\r\n\t\r\n\t\r\n\t\t\t\t\t\t\r\n\t\t\t\t\t\t\t\t\t\t\t\t\t\r\n\t\t\t\t\t\t\t<div class=\"work-item style-2\">\r\n\t\t\t\t\t\t\t\t\r\n\t\t\t\t\t\t\t\t<img loading=\"lazy\" decoding=\"async\" src=\"https:\/\/bibliocode.edu-vd.ch\/wp-content\/uploads\/2016\/03\/sciences_450x238.jpg\" width=\"450\" height=\"237\" alt=\"sciences_450x238\" \/>\t\t\t\r\n\t\t\t\t\t\t\t\t<div class=\"work-info-bg\"><\/div>\r\n\t\t\t\t\t\t\t\t<div class=\"work-info\">\r\n\t\t\t\t\t\t\t\t\t\r\n\t\t\t\t\t\t\t\t\t<i class=\"icon-salient-plus\"><\/i> \r\n\t\t\t\t\t\t\t\t\t\r\n\t\t\t\t\t\t\t\t\t\t\t\t\t\t\t\t   \t\t\t <a href=\"https:\/\/bibliocode.edu-vd.ch\/wp-content\/uploads\/2016\/03\/sciences_450x238.jpg\"  rel=\"prettyPhoto[rel-1741965448]\"><\/a>\r\n\t\t\t\t\t\t\t   \t\t\t\t\r\n\t\t\t\t\t\t\t\t\t<div class=\"vert-center\">\r\n\t\t\t\t\t\t\t\t\t\t \r\n\t\t\t\t\t\t\t\t\t\t\t\r\n\t\t\t\t\t\t\t\t\t\t\t<h3>sciences_450x238<\/h3> \r\n\t\t\t\t\t\t\t\t\t\t\t<p><\/p>\r\n\t\t\t\t\t\t\t\t\t\t\t\r\n\t\t\t\t\t\t\t\t\t\t\t\t\t\t\t\t\t\t\t<\/div><!--\/vert-center-->\r\n\t\t\t\t\t\t\t\t\t\r\n\t\t\t\t\t\t\t\t<\/div>\r\n\t\t\t\t\t\t\t<\/div><!--work-item-->\r\n\t\t\t\t\t\t\t\r\n\t\t\t\t\t\t<\/div>\t\r\n\t<div class=\"col span_3 element\" data-project-cat=\"\" data-default-color=\"true\">\r\n\t\r\n\t\r\n\t\t\t\t\t\t\r\n\t\t\t\t\t\t\t\t\t\t\t\t\t\r\n\t\t\t\t\t\t\t<div class=\"work-item style-2\">\r\n\t\t\t\t\t\t\t\t\r\n\t\t\t\t\t\t\t\t<img loading=\"lazy\" decoding=\"async\" src=\"https:\/\/bibliocode.edu-vd.ch\/wp-content\/uploads\/2016\/03\/langues_450x238.jpg\" width=\"450\" height=\"237\" alt=\"langues_450x238\" \/>\t\t\t\r\n\t\t\t\t\t\t\t\t<div class=\"work-info-bg\"><\/div>\r\n\t\t\t\t\t\t\t\t<div class=\"work-info\">\r\n\t\t\t\t\t\t\t\t\t\r\n\t\t\t\t\t\t\t\t\t<i class=\"icon-salient-plus\"><\/i> \r\n\t\t\t\t\t\t\t\t\t\r\n\t\t\t\t\t\t\t\t\t\t\t\t\t\t\t\t   \t\t\t <a href=\"https:\/\/bibliocode.edu-vd.ch\/wp-content\/uploads\/2016\/03\/langues_450x238.jpg\"  rel=\"prettyPhoto[rel-1741965448]\"><\/a>\r\n\t\t\t\t\t\t\t   \t\t\t\t\r\n\t\t\t\t\t\t\t\t\t<div class=\"vert-center\">\r\n\t\t\t\t\t\t\t\t\t\t \r\n\t\t\t\t\t\t\t\t\t\t\t\r\n\t\t\t\t\t\t\t\t\t\t\t<h3>langues_450x238<\/h3> \r\n\t\t\t\t\t\t\t\t\t\t\t<p><\/p>\r\n\t\t\t\t\t\t\t\t\t\t\t\r\n\t\t\t\t\t\t\t\t\t\t\t\t\t\t\t\t\t\t\t<\/div><!--\/vert-center-->\r\n\t\t\t\t\t\t\t\t\t\r\n\t\t\t\t\t\t\t\t<\/div>\r\n\t\t\t\t\t\t\t<\/div><!--work-item-->\r\n\t\t\t\t\t\t\t\r\n\t\t\t\t\t\t<\/div>\t\r\n\t<div class=\"col span_3 element\" data-project-cat=\"\" data-default-color=\"true\">\r\n\t\r\n\t\r\n\t\t\t\t\t\t\r\n\t\t\t\t\t\t\t\t\t\t\t\t\t\r\n\t\t\t\t\t\t\t<div class=\"work-item style-2\">\r\n\t\t\t\t\t\t\t\t\r\n\t\t\t\t\t\t\t\t<img loading=\"lazy\" decoding=\"async\" src=\"https:\/\/bibliocode.edu-vd.ch\/wp-content\/uploads\/2016\/03\/incorrect_450x238.jpg\" width=\"450\" height=\"238\" alt=\"incorrect_450x238\" \/>\t\t\t\r\n\t\t\t\t\t\t\t\t<div class=\"work-info-bg\"><\/div>\r\n\t\t\t\t\t\t\t\t<div class=\"work-info\">\r\n\t\t\t\t\t\t\t\t\t\r\n\t\t\t\t\t\t\t\t\t<i class=\"icon-salient-plus\"><\/i> \r\n\t\t\t\t\t\t\t\t\t\r\n\t\t\t\t\t\t\t\t\t\t\t\t\t\t\t\t   \t\t\t <a href=\"https:\/\/bibliocode.edu-vd.ch\/wp-content\/uploads\/2016\/03\/incorrect_450x238.jpg\"  rel=\"prettyPhoto[rel-1741965448]\"><\/a>\r\n\t\t\t\t\t\t\t   \t\t\t\t\r\n\t\t\t\t\t\t\t\t\t<div class=\"vert-center\">\r\n\t\t\t\t\t\t\t\t\t\t \r\n\t\t\t\t\t\t\t\t\t\t\t\r\n\t\t\t\t\t\t\t\t\t\t\t<h3>incorrect_450x238<\/h3> \r\n\t\t\t\t\t\t\t\t\t\t\t<p><\/p>\r\n\t\t\t\t\t\t\t\t\t\t\t\r\n\t\t\t\t\t\t\t\t\t\t\t\t\t\t\t\t\t\t\t<\/div><!--\/vert-center-->\r\n\t\t\t\t\t\t\t\t\t\r\n\t\t\t\t\t\t\t\t<\/div>\r\n\t\t\t\t\t\t\t<\/div><!--work-item-->\r\n\t\t\t\t\t\t\t\r\n\t\t\t\t\t\t<\/div>\t\r\n\t<div class=\"col span_3 element\" data-project-cat=\"\" data-default-color=\"true\">\r\n\t\r\n\t\r\n\t\t\t\t\t\t\r\n\t\t\t\t\t\t\t\t\t\t\t\t\t\r\n\t\t\t\t\t\t\t<div class=\"work-item style-2\">\r\n\t\t\t\t\t\t\t\t\r\n\t\t\t\t\t\t\t\t<img loading=\"lazy\" decoding=\"async\" src=\"https:\/\/bibliocode.edu-vd.ch\/wp-content\/uploads\/2016\/03\/info_450x238.jpg\" width=\"450\" height=\"238\" alt=\"info_450x238\" \/>\t\t\t\r\n\t\t\t\t\t\t\t\t<div class=\"work-info-bg\"><\/div>\r\n\t\t\t\t\t\t\t\t<div class=\"work-info\">\r\n\t\t\t\t\t\t\t\t\t\r\n\t\t\t\t\t\t\t\t\t<i class=\"icon-salient-plus\"><\/i> \r\n\t\t\t\t\t\t\t\t\t\r\n\t\t\t\t\t\t\t\t\t\t\t\t\t\t\t\t   \t\t\t <a href=\"https:\/\/bibliocode.edu-vd.ch\/wp-content\/uploads\/2016\/03\/info_450x238.jpg\"  rel=\"prettyPhoto[rel-1741965448]\"><\/a>\r\n\t\t\t\t\t\t\t   \t\t\t\t\r\n\t\t\t\t\t\t\t\t\t<div class=\"vert-center\">\r\n\t\t\t\t\t\t\t\t\t\t \r\n\t\t\t\t\t\t\t\t\t\t\t\r\n\t\t\t\t\t\t\t\t\t\t\t<h3>info_450x238<\/h3> \r\n\t\t\t\t\t\t\t\t\t\t\t<p><\/p>\r\n\t\t\t\t\t\t\t\t\t\t\t\r\n\t\t\t\t\t\t\t\t\t\t\t\t\t\t\t\t\t\t\t<\/div><!--\/vert-center-->\r\n\t\t\t\t\t\t\t\t\t\r\n\t\t\t\t\t\t\t\t<\/div>\r\n\t\t\t\t\t\t\t<\/div><!--work-item-->\r\n\t\t\t\t\t\t\t\r\n\t\t\t\t\t\t<\/div>\t\r\n\t<div class=\"col span_3 element\" data-project-cat=\"\" data-default-color=\"true\">\r\n\t\r\n\t\r\n\t\t\t\t\t\t\r\n\t\t\t\t\t\t\t\t\t\t\t\t\t\r\n\t\t\t\t\t\t\t<div class=\"work-item style-2\">\r\n\t\t\t\t\t\t\t\t\r\n\t\t\t\t\t\t\t\t<img loading=\"lazy\" decoding=\"async\" src=\"https:\/\/bibliocode.edu-vd.ch\/wp-content\/uploads\/2016\/03\/heros_450x238.jpg\" width=\"450\" height=\"238\" alt=\"heros_450x238\" \/>\t\t\t\r\n\t\t\t\t\t\t\t\t<div class=\"work-info-bg\"><\/div>\r\n\t\t\t\t\t\t\t\t<div class=\"work-info\">\r\n\t\t\t\t\t\t\t\t\t\r\n\t\t\t\t\t\t\t\t\t<i class=\"icon-salient-plus\"><\/i> \r\n\t\t\t\t\t\t\t\t\t\r\n\t\t\t\t\t\t\t\t\t\t\t\t\t\t\t\t   \t\t\t <a href=\"https:\/\/bibliocode.edu-vd.ch\/wp-content\/uploads\/2016\/03\/heros_450x238.jpg\"  rel=\"prettyPhoto[rel-1741965448]\"><\/a>\r\n\t\t\t\t\t\t\t   \t\t\t\t\r\n\t\t\t\t\t\t\t\t\t<div class=\"vert-center\">\r\n\t\t\t\t\t\t\t\t\t\t \r\n\t\t\t\t\t\t\t\t\t\t\t\r\n\t\t\t\t\t\t\t\t\t\t\t<h3>heros_450x238<\/h3> \r\n\t\t\t\t\t\t\t\t\t\t\t<p><\/p>\r\n\t\t\t\t\t\t\t\t\t\t\t\r\n\t\t\t\t\t\t\t\t\t\t\t\t\t\t\t\t\t\t\t<\/div><!--\/vert-center-->\r\n\t\t\t\t\t\t\t\t\t\r\n\t\t\t\t\t\t\t\t<\/div>\r\n\t\t\t\t\t\t\t<\/div><!--work-item-->\r\n\t\t\t\t\t\t\t\r\n\t\t\t\t\t\t<\/div>\t\r\n\t<div class=\"col span_3 element\" data-project-cat=\"\" data-default-color=\"true\">\r\n\t\r\n\t\r\n\t\t\t\t\t\t\r\n\t\t\t\t\t\t\t\t\t\t\t\t\t\r\n\t\t\t\t\t\t\t<div class=\"work-item style-2\">\r\n\t\t\t\t\t\t\t\t\r\n\t\t\t\t\t\t\t\t<img loading=\"lazy\" decoding=\"async\" src=\"https:\/\/bibliocode.edu-vd.ch\/wp-content\/uploads\/2016\/03\/encyclopedie_450x238.jpg\" width=\"450\" height=\"238\" alt=\"encyclopedie_450x238\" \/>\t\t\t\r\n\t\t\t\t\t\t\t\t<div class=\"work-info-bg\"><\/div>\r\n\t\t\t\t\t\t\t\t<div class=\"work-info\">\r\n\t\t\t\t\t\t\t\t\t\r\n\t\t\t\t\t\t\t\t\t<i class=\"icon-salient-plus\"><\/i> \r\n\t\t\t\t\t\t\t\t\t\r\n\t\t\t\t\t\t\t\t\t\t\t\t\t\t\t\t   \t\t\t <a href=\"https:\/\/bibliocode.edu-vd.ch\/wp-content\/uploads\/2016\/03\/encyclopedie_450x238.jpg\"  rel=\"prettyPhoto[rel-1741965448]\"><\/a>\r\n\t\t\t\t\t\t\t   \t\t\t\t\r\n\t\t\t\t\t\t\t\t\t<div class=\"vert-center\">\r\n\t\t\t\t\t\t\t\t\t\t \r\n\t\t\t\t\t\t\t\t\t\t\t\r\n\t\t\t\t\t\t\t\t\t\t\t<h3>encyclopedie_450x238<\/h3> \r\n\t\t\t\t\t\t\t\t\t\t\t<p><\/p>\r\n\t\t\t\t\t\t\t\t\t\t\t\r\n\t\t\t\t\t\t\t\t\t\t\t\t\t\t\t\t\t\t\t<\/div><!--\/vert-center-->\r\n\t\t\t\t\t\t\t\t\t\r\n\t\t\t\t\t\t\t\t<\/div>\r\n\t\t\t\t\t\t\t<\/div><!--work-item-->\r\n\t\t\t\t\t\t\t\r\n\t\t\t\t\t\t<\/div>\t\r\n\t<div class=\"col span_3 element\" data-project-cat=\"\" data-default-color=\"true\">\r\n\t\r\n\t\r\n\t\t\t\t\t\t\r\n\t\t\t\t\t\t\t\t\t\t\t\t\t\r\n\t\t\t\t\t\t\t<div class=\"work-item style-2\">\r\n\t\t\t\t\t\t\t\t\r\n\t\t\t\t\t\t\t\t<img loading=\"lazy\" decoding=\"async\" src=\"https:\/\/bibliocode.edu-vd.ch\/wp-content\/uploads\/2016\/03\/correct_450x238.jpg\" width=\"450\" height=\"238\" alt=\"correct_450x238\" \/>\t\t\t\r\n\t\t\t\t\t\t\t\t<div class=\"work-info-bg\"><\/div>\r\n\t\t\t\t\t\t\t\t<div class=\"work-info\">\r\n\t\t\t\t\t\t\t\t\t\r\n\t\t\t\t\t\t\t\t\t<i class=\"icon-salient-plus\"><\/i> \r\n\t\t\t\t\t\t\t\t\t\r\n\t\t\t\t\t\t\t\t\t\t\t\t\t\t\t\t   \t\t\t <a href=\"https:\/\/bibliocode.edu-vd.ch\/wp-content\/uploads\/2016\/03\/correct_450x238.jpg\"  rel=\"prettyPhoto[rel-1741965448]\"><\/a>\r\n\t\t\t\t\t\t\t   \t\t\t\t\r\n\t\t\t\t\t\t\t\t\t<div class=\"vert-center\">\r\n\t\t\t\t\t\t\t\t\t\t \r\n\t\t\t\t\t\t\t\t\t\t\t\r\n\t\t\t\t\t\t\t\t\t\t\t<h3>correct_450x238<\/h3> \r\n\t\t\t\t\t\t\t\t\t\t\t<p><\/p>\r\n\t\t\t\t\t\t\t\t\t\t\t\r\n\t\t\t\t\t\t\t\t\t\t\t\t\t\t\t\t\t\t\t<\/div><!--\/vert-center-->\r\n\t\t\t\t\t\t\t\t\t\r\n\t\t\t\t\t\t\t\t<\/div>\r\n\t\t\t\t\t\t\t<\/div><!--work-item-->\r\n\t\t\t\t\t\t\t\r\n\t\t\t\t\t\t<\/div>\t\r\n\t<div class=\"col span_3 element\" data-project-cat=\"\" data-default-color=\"true\">\r\n\t\r\n\t\r\n\t\t\t\t\t\t\r\n\t\t\t\t\t\t\t\t\t\t\t\t\t\r\n\t\t\t\t\t\t\t<div class=\"work-item style-2\">\r\n\t\t\t\t\t\t\t\t\r\n\t\t\t\t\t\t\t\t<img loading=\"lazy\" decoding=\"async\" src=\"https:\/\/bibliocode.edu-vd.ch\/wp-content\/uploads\/2016\/03\/bd_450x238.jpg\" width=\"450\" height=\"237\" alt=\"bd_450x238\" \/>\t\t\t\r\n\t\t\t\t\t\t\t\t<div class=\"work-info-bg\"><\/div>\r\n\t\t\t\t\t\t\t\t<div class=\"work-info\">\r\n\t\t\t\t\t\t\t\t\t\r\n\t\t\t\t\t\t\t\t\t<i class=\"icon-salient-plus\"><\/i> \r\n\t\t\t\t\t\t\t\t\t\r\n\t\t\t\t\t\t\t\t\t\t\t\t\t\t\t\t   \t\t\t <a href=\"https:\/\/bibliocode.edu-vd.ch\/wp-content\/uploads\/2016\/03\/bd_450x238.jpg\"  rel=\"prettyPhoto[rel-1741965448]\"><\/a>\r\n\t\t\t\t\t\t\t   \t\t\t\t\r\n\t\t\t\t\t\t\t\t\t<div class=\"vert-center\">\r\n\t\t\t\t\t\t\t\t\t\t \r\n\t\t\t\t\t\t\t\t\t\t\t\r\n\t\t\t\t\t\t\t\t\t\t\t<h3>bd_450x238<\/h3> \r\n\t\t\t\t\t\t\t\t\t\t\t<p><\/p>\r\n\t\t\t\t\t\t\t\t\t\t\t\r\n\t\t\t\t\t\t\t\t\t\t\t\t\t\t\t\t\t\t\t<\/div><!--\/vert-center-->\r\n\t\t\t\t\t\t\t\t\t\r\n\t\t\t\t\t\t\t\t<\/div>\r\n\t\t\t\t\t\t\t<\/div><!--work-item-->\r\n\t\t\t\t\t\t\t\r\n\t\t\t\t\t\t<\/div>\t\r\n\t<div class=\"col span_3 element\" data-project-cat=\"\" data-default-color=\"true\">\r\n\t\r\n\t\r\n\t\t\t\t\t\t\r\n\t\t\t\t\t\t\t\t\t\t\t\t\t\r\n\t\t\t\t\t\t\t<div class=\"work-item style-2\">\r\n\t\t\t\t\t\t\t\t\r\n\t\t\t\t\t\t\t\t<img loading=\"lazy\" decoding=\"async\" src=\"https:\/\/bibliocode.edu-vd.ch\/wp-content\/uploads\/2016\/03\/chaperon_450x238.jpg\" width=\"450\" height=\"238\" alt=\"chaperon_450x238\" \/>\t\t\t\r\n\t\t\t\t\t\t\t\t<div class=\"work-info-bg\"><\/div>\r\n\t\t\t\t\t\t\t\t<div class=\"work-info\">\r\n\t\t\t\t\t\t\t\t\t\r\n\t\t\t\t\t\t\t\t\t<i class=\"icon-salient-plus\"><\/i> \r\n\t\t\t\t\t\t\t\t\t\r\n\t\t\t\t\t\t\t\t\t\t\t\t\t\t\t\t   \t\t\t <a href=\"https:\/\/bibliocode.edu-vd.ch\/wp-content\/uploads\/2016\/03\/chaperon_450x238.jpg\"  rel=\"prettyPhoto[rel-1741965448]\"><\/a>\r\n\t\t\t\t\t\t\t   \t\t\t\t\r\n\t\t\t\t\t\t\t\t\t<div class=\"vert-center\">\r\n\t\t\t\t\t\t\t\t\t\t \r\n\t\t\t\t\t\t\t\t\t\t\t\r\n\t\t\t\t\t\t\t\t\t\t\t<h3>chaperon_450x238<\/h3> \r\n\t\t\t\t\t\t\t\t\t\t\t<p><\/p>\r\n\t\t\t\t\t\t\t\t\t\t\t\r\n\t\t\t\t\t\t\t\t\t\t\t\t\t\t\t\t\t\t\t<\/div><!--\/vert-center-->\r\n\t\t\t\t\t\t\t\t\t\r\n\t\t\t\t\t\t\t\t<\/div>\r\n\t\t\t\t\t\t\t<\/div><!--work-item-->\r\n\t\t\t\t\t\t\t\r\n\t\t\t\t\t\t<\/div>\t\r\n\t<div class=\"col span_3 element\" data-project-cat=\"\" data-default-color=\"true\">\r\n\t\r\n\t\r\n\t\t\t\t\t\t\r\n\t\t\t\t\t\t\t\t\t\t\t\t\t\r\n\t\t\t\t\t\t\t<div class=\"work-item style-2\">\r\n\t\t\t\t\t\t\t\t\r\n\t\t\t\t\t\t\t\t<img loading=\"lazy\" decoding=\"async\" src=\"https:\/\/bibliocode.edu-vd.ch\/wp-content\/uploads\/2016\/03\/art_450x238.jpg\" width=\"450\" height=\"238\" alt=\"art_450x238\" \/>\t\t\t\r\n\t\t\t\t\t\t\t\t<div class=\"work-info-bg\"><\/div>\r\n\t\t\t\t\t\t\t\t<div class=\"work-info\">\r\n\t\t\t\t\t\t\t\t\t\r\n\t\t\t\t\t\t\t\t\t<i class=\"icon-salient-plus\"><\/i> \r\n\t\t\t\t\t\t\t\t\t\r\n\t\t\t\t\t\t\t\t\t\t\t\t\t\t\t\t   \t\t\t <a href=\"https:\/\/bibliocode.edu-vd.ch\/wp-content\/uploads\/2016\/03\/art_450x238.jpg\"  rel=\"prettyPhoto[rel-1741965448]\"><\/a>\r\n\t\t\t\t\t\t\t   \t\t\t\t\r\n\t\t\t\t\t\t\t\t\t<div class=\"vert-center\">\r\n\t\t\t\t\t\t\t\t\t\t \r\n\t\t\t\t\t\t\t\t\t\t\t\r\n\t\t\t\t\t\t\t\t\t\t\t<h3>art_450x238<\/h3> \r\n\t\t\t\t\t\t\t\t\t\t\t<p><\/p>\r\n\t\t\t\t\t\t\t\t\t\t\t\r\n\t\t\t\t\t\t\t\t\t\t\t\t\t\t\t\t\t\t\t<\/div><!--\/vert-center-->\r\n\t\t\t\t\t\t\t\t\t\r\n\t\t\t\t\t\t\t\t<\/div>\r\n\t\t\t\t\t\t\t<\/div><!--work-item-->\r\n\t\t\t\t\t\t\t\r\n\t\t\t\t\t\t<\/div>\t\r\n\t<div class=\"col span_3 element\" data-project-cat=\"\" data-default-color=\"true\">\r\n\t\r\n\t\r\n\t\t\t\t\t\t\r\n\t\t\t\t\t\t\t\t\t\t\t\t\t\r\n\t\t\t\t\t\t\t<div class=\"work-item style-2\">\r\n\t\t\t\t\t\t\t\t\r\n\t\t\t\t\t\t\t\t<img loading=\"lazy\" decoding=\"async\" src=\"https:\/\/bibliocode.edu-vd.ch\/wp-content\/uploads\/2016\/03\/histoire_450x238.jpg\" width=\"450\" height=\"238\" alt=\"histoire_450x238\" \/>\t\t\t\r\n\t\t\t\t\t\t\t\t<div class=\"work-info-bg\"><\/div>\r\n\t\t\t\t\t\t\t\t<div class=\"work-info\">\r\n\t\t\t\t\t\t\t\t\t\r\n\t\t\t\t\t\t\t\t\t<i class=\"icon-salient-plus\"><\/i> \r\n\t\t\t\t\t\t\t\t\t\r\n\t\t\t\t\t\t\t\t\t\t\t\t\t\t\t\t   \t\t\t <a href=\"https:\/\/bibliocode.edu-vd.ch\/wp-content\/uploads\/2016\/03\/histoire_450x238.jpg\"  rel=\"prettyPhoto[rel-1741965448]\"><\/a>\r\n\t\t\t\t\t\t\t   \t\t\t\t\r\n\t\t\t\t\t\t\t\t\t<div class=\"vert-center\">\r\n\t\t\t\t\t\t\t\t\t\t \r\n\t\t\t\t\t\t\t\t\t\t\t\r\n\t\t\t\t\t\t\t\t\t\t\t<h3>histoire_450x238<\/h3> \r\n\t\t\t\t\t\t\t\t\t\t\t<p><\/p>\r\n\t\t\t\t\t\t\t\t\t\t\t\r\n\t\t\t\t\t\t\t\t\t\t\t\t\t\t\t\t\t\t\t<\/div><!--\/vert-center-->\r\n\t\t\t\t\t\t\t\t\t\r\n\t\t\t\t\t\t\t\t<\/div>\r\n\t\t\t\t\t\t\t<\/div><!--work-item-->\r\n\t\t\t\t\t\t\t\r\n\t\t\t\t\t\t<\/div>\t\r\n\t<div class=\"col span_3 element\" data-project-cat=\"\" data-default-color=\"true\">\r\n\t\r\n\t\r\n\t\t\t\t\t\t\r\n\t\t\t\t\t\t\t\t\t\t\t\t\t\r\n\t\t\t\t\t\t\t<div class=\"work-item style-2\">\r\n\t\t\t\t\t\t\t\t\r\n\t\t\t\t\t\t\t\t<img loading=\"lazy\" decoding=\"async\" src=\"https:\/\/bibliocode.edu-vd.ch\/wp-content\/uploads\/2016\/03\/media_450x238-1.jpg\" width=\"450\" height=\"238\" alt=\"media_450x238\" \/>\t\t\t\r\n\t\t\t\t\t\t\t\t<div class=\"work-info-bg\"><\/div>\r\n\t\t\t\t\t\t\t\t<div class=\"work-info\">\r\n\t\t\t\t\t\t\t\t\t\r\n\t\t\t\t\t\t\t\t\t<i class=\"icon-salient-plus\"><\/i> \r\n\t\t\t\t\t\t\t\t\t\r\n\t\t\t\t\t\t\t\t\t\t\t\t\t\t\t\t   \t\t\t <a href=\"https:\/\/bibliocode.edu-vd.ch\/wp-content\/uploads\/2016\/03\/media_450x238-1.jpg\"  rel=\"prettyPhoto[rel-1741965448]\"><\/a>\r\n\t\t\t\t\t\t\t   \t\t\t\t\r\n\t\t\t\t\t\t\t\t\t<div class=\"vert-center\">\r\n\t\t\t\t\t\t\t\t\t\t \r\n\t\t\t\t\t\t\t\t\t\t\t\r\n\t\t\t\t\t\t\t\t\t\t\t<h3>media_450x238<\/h3> \r\n\t\t\t\t\t\t\t\t\t\t\t<p><\/p>\r\n\t\t\t\t\t\t\t\t\t\t\t\r\n\t\t\t\t\t\t\t\t\t\t\t\t\t\t\t\t\t\t\t<\/div><!--\/vert-center-->\r\n\t\t\t\t\t\t\t\t\t\r\n\t\t\t\t\t\t\t\t<\/div>\r\n\t\t\t\t\t\t\t<\/div><!--work-item-->\r\n\t\t\t\t\t\t\t\r\n\t\t\t\t\t\t<\/div>\t\r\n\t<div class=\"col span_3 element\" data-project-cat=\"\" data-default-color=\"true\">\r\n\t\r\n\t\r\n\t\t\t\t\t\t\r\n\t\t\t\t\t\t\t\t\t\t\t\t\t\r\n\t\t\t\t\t\t\t<div class=\"work-item style-2\">\r\n\t\t\t\t\t\t\t\t\r\n\t\t\t\t\t\t\t\t<img loading=\"lazy\" decoding=\"async\" src=\"https:\/\/bibliocode.edu-vd.ch\/wp-content\/uploads\/2016\/03\/consignes_450x238-1.jpg\" width=\"450\" height=\"238\" alt=\"consignes_450x238\" \/>\t\t\t\r\n\t\t\t\t\t\t\t\t<div class=\"work-info-bg\"><\/div>\r\n\t\t\t\t\t\t\t\t<div class=\"work-info\">\r\n\t\t\t\t\t\t\t\t\t\r\n\t\t\t\t\t\t\t\t\t<i class=\"icon-salient-plus\"><\/i> \r\n\t\t\t\t\t\t\t\t\t\r\n\t\t\t\t\t\t\t\t\t\t\t\t\t\t\t\t   \t\t\t <a href=\"https:\/\/bibliocode.edu-vd.ch\/wp-content\/uploads\/2016\/03\/consignes_450x238-1.jpg\"  rel=\"prettyPhoto[rel-1741965448]\"><\/a>\r\n\t\t\t\t\t\t\t   \t\t\t\t\r\n\t\t\t\t\t\t\t\t\t<div class=\"vert-center\">\r\n\t\t\t\t\t\t\t\t\t\t \r\n\t\t\t\t\t\t\t\t\t\t\t\r\n\t\t\t\t\t\t\t\t\t\t\t<h3>consignes_450x238<\/h3> \r\n\t\t\t\t\t\t\t\t\t\t\t<p><\/p>\r\n\t\t\t\t\t\t\t\t\t\t\t\r\n\t\t\t\t\t\t\t\t\t\t\t\t\t\t\t\t\t\t\t<\/div><!--\/vert-center-->\r\n\t\t\t\t\t\t\t\t\t\r\n\t\t\t\t\t\t\t\t<\/div>\r\n\t\t\t\t\t\t\t<\/div><!--work-item-->\r\n\t\t\t\t\t\t\t\r\n\t\t\t\t\t\t<\/div><\/div><\/div><\/div>\n\t\t<\/div> \n\t<\/div> \n\t\t<\/div> \n\t<\/div> \n<\/div><\/div>\n","protected":false},"excerpt":{"rendered":"Outils Les codes QR Les codes Quick Response (QR) ont investi notre espace public et\u00a0la technologie permettant leur lecture est accessible sur les smartphones. L'avantage du code QR est sa...","protected":false},"author":1,"featured_media":0,"parent":0,"menu_order":0,"comment_status":"closed","ping_status":"closed","template":"","meta":{"footnotes":""},"class_list":["post-15","page","type-page","status-publish","hentry"],"_links":{"self":[{"href":"https:\/\/bibliocode.edu-vd.ch\/index.php?rest_route=\/wp\/v2\/pages\/15","targetHints":{"allow":["GET"]}}],"collection":[{"href":"https:\/\/bibliocode.edu-vd.ch\/index.php?rest_route=\/wp\/v2\/pages"}],"about":[{"href":"https:\/\/bibliocode.edu-vd.ch\/index.php?rest_route=\/wp\/v2\/types\/page"}],"author":[{"embeddable":true,"href":"https:\/\/bibliocode.edu-vd.ch\/index.php?rest_route=\/wp\/v2\/users\/1"}],"replies":[{"embeddable":true,"href":"https:\/\/bibliocode.edu-vd.ch\/index.php?rest_route=%2Fwp%2Fv2%2Fcomments&post=15"}],"version-history":[{"count":29,"href":"https:\/\/bibliocode.edu-vd.ch\/index.php?rest_route=\/wp\/v2\/pages\/15\/revisions"}],"predecessor-version":[{"id":111,"href":"https:\/\/bibliocode.edu-vd.ch\/index.php?rest_route=\/wp\/v2\/pages\/15\/revisions\/111"}],"wp:attachment":[{"href":"https:\/\/bibliocode.edu-vd.ch\/index.php?rest_route=%2Fwp%2Fv2%2Fmedia&parent=15"}],"curies":[{"name":"wp","href":"https:\/\/api.w.org\/{rel}","templated":true}]}}