{"id":17,"date":"2016-01-15T10:31:33","date_gmt":"2016-01-15T10:31:33","guid":{"rendered":"http:\/\/bibliocode.edu-vd.ch\/?page_id=17"},"modified":"2016-03-29T06:48:18","modified_gmt":"2016-03-29T06:48:18","slug":"bibliotheques-participantes","status":"publish","type":"page","link":"https:\/\/bibliocode.edu-vd.ch\/?page_id=17","title":{"rendered":"Biblioth\u00e8ques participantes"},"content":{"rendered":"<h3>Liste des biblioth\u00e8ques ou m\u00e9diath\u00e8ques participantes<\/h3>\n<p>&nbsp;<\/p>\n<p><a href=\"http:\/\/www.mediathequedumont.ch\" target=\"_blank\"><img loading=\"lazy\" decoding=\"async\" class=\"alignleft wp-image-336 size-full\" src=\"https:\/\/bibliocode.edu-vd.ch\/wp-content\/uploads\/2016\/01\/m\u00e9diath\u00e8que-du-mont.png\" alt=\"m\u00e9diath\u00e8que du mont\" width=\"217\" height=\"58\" \/><\/a><\/p>\n<p>&nbsp;<\/p>\n<p>&nbsp;<\/p>\n<h4><a href=\"http:\/\/www.ecoles-ollon.ch\/parascolaire\/bibliotheque-communale\/\" target=\"_blank\">Biblioth\u00e8que scolaire d&rsquo;Ollon et Villars<\/a><\/h4>\n<p><a href=\"http:\/\/www.eps-rolle.ch\/vie-scolaire\/vie-etablissement\/bibliotheque-scolaire\/\" target=\"_blank\"><img loading=\"lazy\" decoding=\"async\" class=\"size-full wp-image-337 alignnone\" src=\"https:\/\/bibliocode.edu-vd.ch\/wp-content\/uploads\/2016\/01\/biblioth\u00e8que-de-rolle.png\" alt=\"biblioth\u00e8que de rolle\" width=\"165\" height=\"99\" \/><\/a><\/p>\n<h4><a href=\"http:\/\/www.eps-lsvv.ch\/vie-scolaire\/vie-etablissement\/bibliotheque-scolaire\/\" target=\"_blank\">Biblioth\u00e8que de l&rsquo;EPS La\u00a0Saraz-Veyron-Venoge<\/a><\/h4>\n","protected":false},"excerpt":{"rendered":"<p>Liste des biblioth\u00e8ques ou m\u00e9diath\u00e8ques participantes &nbsp; &nbsp; &nbsp; Biblioth\u00e8que scolaire d&rsquo;Ollon et Villars Biblioth\u00e8que de l&rsquo;EPS La\u00a0Saraz-Veyron-Venoge<\/p>\n","protected":false},"author":1,"featured_media":0,"parent":84,"menu_order":0,"comment_status":"closed","ping_status":"closed","template":"","meta":{"footnotes":""},"class_list":["post-17","page","type-page","status-publish","hentry"],"_links":{"self":[{"href":"https:\/\/bibliocode.edu-vd.ch\/index.php?rest_route=\/wp\/v2\/pages\/17","targetHints":{"allow":["GET"]}}],"collection":[{"href":"https:\/\/bibliocode.edu-vd.ch\/index.php?rest_route=\/wp\/v2\/pages"}],"about":[{"href":"https:\/\/bibliocode.edu-vd.ch\/index.php?rest_route=\/wp\/v2\/types\/page"}],"author":[{"embeddable":true,"href":"https:\/\/bibliocode.edu-vd.ch\/index.php?rest_route=\/wp\/v2\/users\/1"}],"replies":[{"embeddable":true,"href":"https:\/\/bibliocode.edu-vd.ch\/index.php?rest_route=%2Fwp%2Fv2%2Fcomments&post=17"}],"version-history":[{"count":11,"href":"https:\/\/bibliocode.edu-vd.ch\/index.php?rest_route=\/wp\/v2\/pages\/17\/revisions"}],"predecessor-version":[{"id":722,"href":"https:\/\/bibliocode.edu-vd.ch\/index.php?rest_route=\/wp\/v2\/pages\/17\/revisions\/722"}],"up":[{"embeddable":true,"href":"https:\/\/bibliocode.edu-vd.ch\/index.php?rest_route=\/wp\/v2\/pages\/84"}],"wp:attachment":[{"href":"https:\/\/bibliocode.edu-vd.ch\/index.php?rest_route=%2Fwp%2Fv2%2Fmedia&parent=17"}],"curies":[{"name":"wp","href":"https:\/\/api.w.org\/{rel}","templated":true}]}}