{"id":2,"date":"2015-12-09T03:33:20","date_gmt":"2015-12-09T03:33:20","guid":{"rendered":"http:\/\/wp44m.a10-52-158-154.qa.plesk.ru\/wordpress\/?page_id=2"},"modified":"2016-04-01T06:47:29","modified_gmt":"2016-04-01T06:47:29","slug":"sample-page","status":"publish","type":"page","link":"https:\/\/bibliocode.edu-vd.ch\/","title":{"rendered":"Bibliocode"},"content":{"rendered":"<h3>Bienvenue sur Bibliocode<\/h3>\n<p>Bibliocode est une plateforme permettant de cr\u00e9er une activit\u00e9 num\u00e9rique dans votre biblioth\u00e8que en utilisant la technologie des codes QR.\u00a0Leur emploi\u00a0permet d&rsquo;\u00e9largir certaines activit\u00e9s des biblioth\u00e8ques de mani\u00e8re num\u00e9rique et de cr\u00e9er des rallyes interactifs.<\/p>\n<p>Ce projet est n\u00e9 sous l&rsquo;\u00e9gide de la <a href=\"http:\/\/www.bcu-lausanne.ch\/bibliotheques-scolaires\/\" target=\"_blank\">Coordination des biblioth\u00e8ques scolaires<\/a> entre un enseignant personne ressource en MITIC\u00a0et une\u00a0biblioth\u00e9caire.<\/p>\n<p>Il a notamment pour but de :<\/p>\n<ul>\n<li>int\u00e9grer les MITIC (M\u00e9dias, Images et Technologies de l&rsquo;Information\u00a0et de la Communication),<\/li>\n<li>d\u00e9velopper une th\u00e9matique en lien avec les autres disciplines et le <a href=\"https:\/\/www.plandetudes.ch\">Plan d&rsquo;Etudes Romand<\/a>,<\/li>\n<li>proposer une activit\u00e9 cantonale\u00a0dans un cycle donn\u00e9,<\/li>\n<li>fournir un service p\u00e9renne et un environnement de travail adapt\u00e9 aux professionnels et aux \u00e9l\u00e8ves,<\/li>\n<li>faire d\u00e9couvrir le fonds documentaire des biblioth\u00e8ques scolaires,<\/li>\n<li>former les \u00e9l\u00e8ves \u00e0 la recherche d&rsquo;information,<\/li>\n<li>valoriser la biblioth\u00e8que comme outil p\u00e9dagogique au sein du monde scolaire.<\/li>\n<\/ul>\n<p><img loading=\"lazy\" decoding=\"async\" class=\"alignleft wp-image-415\" src=\"https:\/\/bibliocode.edu-vd.ch\/wp-content\/uploads\/2015\/12\/integration1-300x200.jpg\" alt=\"integration1\" width=\"400\" height=\"267\" srcset=\"https:\/\/bibliocode.edu-vd.ch\/wp-content\/uploads\/2015\/12\/integration1-300x200.jpg 300w, https:\/\/bibliocode.edu-vd.ch\/wp-content\/uploads\/2015\/12\/integration1.jpg 600w\" sizes=\"auto, (max-width: 400px) 100vw, 400px\" \/><img loading=\"lazy\" decoding=\"async\" class=\"alignleft wp-image-417\" src=\"https:\/\/bibliocode.edu-vd.ch\/wp-content\/uploads\/2015\/12\/integration4-300x200.jpg\" alt=\"integration4\" width=\"400\" height=\"267\" srcset=\"https:\/\/bibliocode.edu-vd.ch\/wp-content\/uploads\/2015\/12\/integration4-300x200.jpg 300w, https:\/\/bibliocode.edu-vd.ch\/wp-content\/uploads\/2015\/12\/integration4.jpg 600w\" sizes=\"auto, (max-width: 400px) 100vw, 400px\" \/><img loading=\"lazy\" decoding=\"async\" class=\"alignleft wp-image-416\" src=\"https:\/\/bibliocode.edu-vd.ch\/wp-content\/uploads\/2015\/12\/integration2-300x200.jpg\" alt=\"integration2\" width=\"400\" height=\"267\" srcset=\"https:\/\/bibliocode.edu-vd.ch\/wp-content\/uploads\/2015\/12\/integration2-300x200.jpg 300w, https:\/\/bibliocode.edu-vd.ch\/wp-content\/uploads\/2015\/12\/integration2.jpg 600w\" sizes=\"auto, (max-width: 400px) 100vw, 400px\" \/><\/p>\n<p>&nbsp;<\/p>\n<p>Pour concr\u00e9tiser ces activit\u00e9s, \u00a0nous utilisons les codes Quick Response (sorte de code-barres) bien connus dans le monde de la publicit\u00e9 ainsi que des applications de lecture sur les ordinateurs, tablettes ou smartphones. Vous trouverez plus d&rsquo;informations concernant les technologies employ\u00e9es sur <a href=\"https:\/\/bibliocode.edu-vd.ch\/?page_id=15\">cette page<\/a>. Des exemples d&rsquo;activit\u00e9 en biblioth\u00e8ques scolaires figurent <a href=\"https:\/\/bibliocode.edu-vd.ch\/?page_id=71\">ici<\/a>.<\/p>\n<div id=\"attachment_425\" style=\"width: 310px\" class=\"wp-caption alignnone\"><img loading=\"lazy\" decoding=\"async\" aria-describedby=\"caption-attachment-425\" class=\"wp-image-425 size-full\" src=\"https:\/\/bibliocode.edu-vd.ch\/wp-content\/uploads\/2016\/03\/Unitag_QRCode_Bibliocodeb.png\" alt=\"Unitag_QRCode_Bibliocodeb\" width=\"300\" height=\"300\" srcset=\"https:\/\/bibliocode.edu-vd.ch\/wp-content\/uploads\/2016\/03\/Unitag_QRCode_Bibliocodeb.png 300w, https:\/\/bibliocode.edu-vd.ch\/wp-content\/uploads\/2016\/03\/Unitag_QRCode_Bibliocodeb-150x150.png 150w, https:\/\/bibliocode.edu-vd.ch\/wp-content\/uploads\/2016\/03\/Unitag_QRCode_Bibliocodeb-50x50.png 50w, https:\/\/bibliocode.edu-vd.ch\/wp-content\/uploads\/2016\/03\/Unitag_QRCode_Bibliocodeb-100x100.png 100w\" sizes=\"auto, (max-width: 300px) 100vw, 300px\" \/><p id=\"caption-attachment-425\" class=\"wp-caption-text\">Code QR du site bibliocode<\/p><\/div>\n<p>&nbsp;<\/p>\n<p>Le site est optimis\u00e9 pour une lecture sur tablette (orientation portrait). Les documents devraient s&rsquo;adapter \u00e9galement pour d&rsquo;autres tailles d&rsquo;\u00e9crans.<\/p>\n<p><a href=\"https:\/\/bibliocode.edu-vd.ch\/wp-content\/uploads\/2016\/04\/presentation-bibliocode-160316.pdf\" rel=\"\">Pr\u00e9sentation de bibliocode effectu\u00e9e lors de la conf\u00e9rence pl\u00e9ni\u00e8re du 16 mars 2016<\/a><\/p>\n","protected":false},"excerpt":{"rendered":"<p>Bienvenue sur Bibliocode Bibliocode est une plateforme permettant de cr\u00e9er une activit\u00e9 num\u00e9rique dans votre biblioth\u00e8que en utilisant la technologie des codes QR.\u00a0Leur emploi\u00a0permet d&rsquo;\u00e9largir certaines activit\u00e9s des biblioth\u00e8ques de&#8230;<\/p>\n","protected":false},"author":1,"featured_media":0,"parent":0,"menu_order":0,"comment_status":"closed","ping_status":"closed","template":"","meta":{"footnotes":""},"class_list":["post-2","page","type-page","status-publish","hentry"],"_links":{"self":[{"href":"https:\/\/bibliocode.edu-vd.ch\/index.php?rest_route=\/wp\/v2\/pages\/2","targetHints":{"allow":["GET"]}}],"collection":[{"href":"https:\/\/bibliocode.edu-vd.ch\/index.php?rest_route=\/wp\/v2\/pages"}],"about":[{"href":"https:\/\/bibliocode.edu-vd.ch\/index.php?rest_route=\/wp\/v2\/types\/page"}],"author":[{"embeddable":true,"href":"https:\/\/bibliocode.edu-vd.ch\/index.php?rest_route=\/wp\/v2\/users\/1"}],"replies":[{"embeddable":true,"href":"https:\/\/bibliocode.edu-vd.ch\/index.php?rest_route=%2Fwp%2Fv2%2Fcomments&post=2"}],"version-history":[{"count":46,"href":"https:\/\/bibliocode.edu-vd.ch\/index.php?rest_route=\/wp\/v2\/pages\/2\/revisions"}],"predecessor-version":[{"id":729,"href":"https:\/\/bibliocode.edu-vd.ch\/index.php?rest_route=\/wp\/v2\/pages\/2\/revisions\/729"}],"wp:attachment":[{"href":"https:\/\/bibliocode.edu-vd.ch\/index.php?rest_route=%2Fwp%2Fv2%2Fmedia&parent=2"}],"curies":[{"name":"wp","href":"https:\/\/api.w.org\/{rel}","templated":true}]}}