{"id":43,"date":"2016-01-28T14:22:33","date_gmt":"2016-01-28T14:22:33","guid":{"rendered":"http:\/\/bibliocode.edu-vd.ch\/?page_id=43"},"modified":"2016-03-15T13:33:32","modified_gmt":"2016-03-15T13:33:32","slug":"creer-une-activite","status":"publish","type":"page","link":"https:\/\/bibliocode.edu-vd.ch\/?page_id=43","title":{"rendered":"Cr\u00e9er une activit\u00e9"},"content":{"rendered":"<h3>Cr\u00e9er une activit\u00e9<\/h3>\n<p>Pour mettre en place\u00a0une activit\u00e9, il suffit de :<\/p>\n<ol>\n<li><a href=\"https:\/\/bibliocode.edu-vd.ch\/?page_id=13\">v\u00e9rifier la liste de mat\u00e9riel minimum requis<\/a>,<\/li>\n<li>faire la demande d&rsquo;un acc\u00e8s pour la biblioth\u00e8que<\/li>\n<li><a href=\"https:\/\/bibliocode.edu-vd.ch\/?page_id=15\">cr\u00e9er une page Web avec du contenu et des liens (pour lier des pages entre elles)<\/a>,<\/li>\n<li><a href=\"https:\/\/bibliocode.edu-vd.ch\/?page_id=15\">illustrer les pages de mani\u00e8re th\u00e9matique \u00e0\u00a0l&rsquo;aide des\u00a0bandeaux propos\u00e9s par notre illustrateur<\/a>,<\/li>\n<li><a href=\"https:\/\/bibliocode.edu-vd.ch\/?page_id=65\">coder l&rsquo;adresse de celle-ci (URL) avec un g\u00e9n\u00e9rateur de code QR,<\/a><\/li>\n<li>imprimer et d\u00e9couper le code QR,<\/li>\n<li><a href=\"https:\/\/bibliocode.edu-vd.ch\/?page_id=73\">placer judicieusement le code sur une affiche, un rayonnage ou dans un livre<\/a>,<\/li>\n<li><a href=\"https:\/\/bibliocode.edu-vd.ch\/?page_id=67\">lire le code QR avec une application sp\u00e9cifique sur une tablette ou un ordinateur, cette derni\u00e8re affichera alors la page Web<\/a>.<\/li>\n<\/ol>\n<h3><img loading=\"lazy\" decoding=\"async\" class=\"aligncenter wp-image-544\" src=\"https:\/\/bibliocode.edu-vd.ch\/wp-content\/uploads\/2016\/01\/sciencesnb-1024x472.png\" alt=\"sciencesnb\" width=\"768\" height=\"354\" srcset=\"https:\/\/bibliocode.edu-vd.ch\/wp-content\/uploads\/2016\/01\/sciencesnb-1024x472.png 1024w, https:\/\/bibliocode.edu-vd.ch\/wp-content\/uploads\/2016\/01\/sciencesnb-300x138.png 300w, https:\/\/bibliocode.edu-vd.ch\/wp-content\/uploads\/2016\/01\/sciencesnb-768x354.png 768w, https:\/\/bibliocode.edu-vd.ch\/wp-content\/uploads\/2016\/01\/sciencesnb.png 1951w\" sizes=\"auto, (max-width: 768px) 100vw, 768px\" \/><\/h3>\n<h3>Accompagnement<\/h3>\n<p>Le groupe de travail ressources num\u00e9riques de la coordination des biblioth\u00e8ques scolaires peut vous accompagner dans l&rsquo;utilisation de code QR et dans le portage num\u00e9rique de vos activit\u00e9s. Ce service est propos\u00e9 aux biblioth\u00e8ques affili\u00e9es. N&rsquo;h\u00e9sitez pas \u00e0 prendre contact avec nous.<\/p>\n<p>Les PRessMITIC (personne ressource m\u00e9dias, image et technologies) de votre \u00e9tablissement scolaire peuvent \u00e9galement vous aider dans cette d\u00e9marche.<\/p>\n<h3>Le rallye<\/h3>\n<p>Un rallye est un sc\u00e9nario d&rsquo;activit\u00e9s mises bout \u00e0 bout. L&rsquo;illustration ci-dessous d\u00e9crit l&rsquo;activit\u00e9 <a href=\"https:\/\/bibliocode.edu-vd.ch\/?p=172\" target=\"_blank\">\u00ab\u00a0Comme un poisson dans l&rsquo;eau (1)\u00a0\u00bb<\/a> du rallye du Mont-sur-Lausanne.<\/p>\n<p>En scannant un code QR, le lecteur ouvre une page web comportant une question et plusieurs r\u00e9ponses \u00e0 choix. En s\u00e9lectionnant la r\u00e9ponse correcte, une nouvelle page s\u2019ouvre sur un nouvel indice permettant \u00e0 l\u2019utilisateur de partir \u00e0 la recherche d\u2019un nouveau code QR \u00e0 scanner. Les r\u00e9ponses incorrectes affichent, soit\u00a0une page d\u2019erreur renvoyant \u00e0 la question de base, soit une page proposant une option de rem\u00e9diation.<\/p>\n<h4>De mani\u00e8re graphique\u00a0:<\/h4>\n<p>Page \u00ab\u00a0Comme un poisson dans l&rsquo;eau (1)\u00a0\u00bb<\/p>\n<p><img loading=\"lazy\" decoding=\"async\" class=\"alignnone wp-image-407\" src=\"https:\/\/bibliocode.edu-vd.ch\/wp-content\/uploads\/2016\/03\/un-2.png\" alt=\"un\" width=\"600\" height=\"426\" srcset=\"https:\/\/bibliocode.edu-vd.ch\/wp-content\/uploads\/2016\/03\/un-2.png 692w, https:\/\/bibliocode.edu-vd.ch\/wp-content\/uploads\/2016\/03\/un-2-300x213.png 300w\" sizes=\"auto, (max-width: 600px) 100vw, 600px\" \/><\/p>\n<p style=\"padding-left: 30px;\">R\u00e9ponse incorrecte, lien sur page (11)<\/p>\n<p style=\"padding-left: 30px;\">R\u00e9ponse incorrecte, lien sur page (12)<\/p>\n<p style=\"padding-left: 30px;\">R\u00e9ponse correcte, lien sur page (10)<\/p>\n<p><strong>Page \u00ab\u00a0Comme un poisson dans l&rsquo;eau (10)<\/strong><\/p>\n<p><img loading=\"lazy\" decoding=\"async\" class=\"alignnone wp-image-402\" src=\"https:\/\/bibliocode.edu-vd.ch\/wp-content\/uploads\/2016\/03\/dix.png\" alt=\"dix\" width=\"600\" height=\"442\" srcset=\"https:\/\/bibliocode.edu-vd.ch\/wp-content\/uploads\/2016\/03\/dix.png 712w, https:\/\/bibliocode.edu-vd.ch\/wp-content\/uploads\/2016\/03\/dix-300x221.png 300w\" sizes=\"auto, (max-width: 600px) 100vw, 600px\" \/><\/p>\n<p style=\"padding-left: 30px;\"><em>A la recherche du code QR (2)<\/em><\/p>\n<p>Page \u00ab\u00a0Comme un poisson dans l&rsquo;eau (11)<\/p>\n<p><img loading=\"lazy\" decoding=\"async\" class=\"alignnone wp-image-401\" src=\"https:\/\/bibliocode.edu-vd.ch\/wp-content\/uploads\/2016\/03\/onze.png\" alt=\"onze\" width=\"600\" height=\"482\" srcset=\"https:\/\/bibliocode.edu-vd.ch\/wp-content\/uploads\/2016\/03\/onze.png 715w, https:\/\/bibliocode.edu-vd.ch\/wp-content\/uploads\/2016\/03\/onze-300x241.png 300w\" sizes=\"auto, (max-width: 600px) 100vw, 600px\" \/><\/p>\n<p style=\"padding-left: 30px;\">Lien sur la page (1)<\/p>\n<p>Page \u00ab\u00a0Comme un poisson dans l&rsquo;eau (12)<\/p>\n<p><img loading=\"lazy\" decoding=\"async\" class=\"alignnone wp-image-400\" src=\"https:\/\/bibliocode.edu-vd.ch\/wp-content\/uploads\/2016\/03\/douze.png\" alt=\"douze\" width=\"600\" height=\"442\" srcset=\"https:\/\/bibliocode.edu-vd.ch\/wp-content\/uploads\/2016\/03\/douze.png 712w, https:\/\/bibliocode.edu-vd.ch\/wp-content\/uploads\/2016\/03\/douze-300x221.png 300w\" sizes=\"auto, (max-width: 600px) 100vw, 600px\" \/><\/p>\n<p style=\"padding-left: 30px;\">Lien sur\u00a0Wikip\u00e9dia et lien sur la page (1)<\/p>\n<p>&nbsp;<\/p>\n<h4>De mani\u00e8re sch\u00e9matique :<\/h4>\n<p><img loading=\"lazy\" decoding=\"async\" class=\"wp-image-381 size-full aligncenter\" src=\"https:\/\/bibliocode.edu-vd.ch\/wp-content\/uploads\/2016\/01\/schema-ex.jpg\" alt=\"schema ex\" width=\"2400\" height=\"1676\" srcset=\"https:\/\/bibliocode.edu-vd.ch\/wp-content\/uploads\/2016\/01\/schema-ex.jpg 2400w, https:\/\/bibliocode.edu-vd.ch\/wp-content\/uploads\/2016\/01\/schema-ex-300x210.jpg 300w, https:\/\/bibliocode.edu-vd.ch\/wp-content\/uploads\/2016\/01\/schema-ex-768x536.jpg 768w, https:\/\/bibliocode.edu-vd.ch\/wp-content\/uploads\/2016\/01\/schema-ex-1024x715.jpg 1024w\" sizes=\"auto, (max-width: 2400px) 100vw, 2400px\" \/><\/p>\n<p>&nbsp;<\/p>\n","protected":false},"excerpt":{"rendered":"<p>Cr\u00e9er une activit\u00e9 Pour mettre en place\u00a0une activit\u00e9, il suffit de : v\u00e9rifier la liste de mat\u00e9riel minimum requis, faire la demande d&rsquo;un acc\u00e8s pour la biblioth\u00e8que cr\u00e9er une page&#8230;<\/p>\n","protected":false},"author":1,"featured_media":0,"parent":2,"menu_order":0,"comment_status":"closed","ping_status":"closed","template":"","meta":{"footnotes":""},"class_list":["post-43","page","type-page","status-publish","hentry"],"_links":{"self":[{"href":"https:\/\/bibliocode.edu-vd.ch\/index.php?rest_route=\/wp\/v2\/pages\/43","targetHints":{"allow":["GET"]}}],"collection":[{"href":"https:\/\/bibliocode.edu-vd.ch\/index.php?rest_route=\/wp\/v2\/pages"}],"about":[{"href":"https:\/\/bibliocode.edu-vd.ch\/index.php?rest_route=\/wp\/v2\/types\/page"}],"author":[{"embeddable":true,"href":"https:\/\/bibliocode.edu-vd.ch\/index.php?rest_route=\/wp\/v2\/users\/1"}],"replies":[{"embeddable":true,"href":"https:\/\/bibliocode.edu-vd.ch\/index.php?rest_route=%2Fwp%2Fv2%2Fcomments&post=43"}],"version-history":[{"count":35,"href":"https:\/\/bibliocode.edu-vd.ch\/index.php?rest_route=\/wp\/v2\/pages\/43\/revisions"}],"predecessor-version":[{"id":714,"href":"https:\/\/bibliocode.edu-vd.ch\/index.php?rest_route=\/wp\/v2\/pages\/43\/revisions\/714"}],"up":[{"embeddable":true,"href":"https:\/\/bibliocode.edu-vd.ch\/index.php?rest_route=\/wp\/v2\/pages\/2"}],"wp:attachment":[{"href":"https:\/\/bibliocode.edu-vd.ch\/index.php?rest_route=%2Fwp%2Fv2%2Fmedia&parent=43"}],"curies":[{"name":"wp","href":"https:\/\/api.w.org\/{rel}","templated":true}]}}