{"id":508,"date":"2016-03-10T09:58:26","date_gmt":"2016-03-10T09:58:26","guid":{"rendered":"http:\/\/bibliocode.edu-vd.ch\/?page_id=508"},"modified":"2016-03-14T09:13:43","modified_gmt":"2016-03-14T09:13:43","slug":"references","status":"publish","type":"page","link":"https:\/\/bibliocode.edu-vd.ch\/?page_id=508","title":{"rendered":"R\u00e9f\u00e9rences"},"content":{"rendered":"<h3>Quelques r\u00e9f\u00e9rences en lien avec\u00a0des codes QR dans le monde francophone :<\/h3>\n<ul>\n<li><a href=\"http:\/\/www.vagabondages.org\/post\/2011\/02\/22\/40-fa\u00e7on-d-utiliser-les-QRcodes-en-classe\" target=\"_blank\">Quelques utilisations de code QR en classe<\/a>,<\/li>\n<li><a href=\"http:\/\/www.scoop.it\/t\/qr-code-en-bibliotheques?page=1\" target=\"_blank\">Page scoop.it d\u00e9di\u00e9e aux usages des codes QR en biblioth\u00e8ques<\/a>,<\/li>\n<li><a href=\"https:\/\/edu.ge.ch\/site\/prospective\/2015\/01\/26\/des-qr-codes-pour-enrichir-le-cours-papier\/\" target=\"_blank\"> Prospective du Sem logistique<\/a>\u00a0<a href=\"http:\/\/edu.ge.ch\/ecolenumerique\/videos\/349-nom-de-code-qr\" target=\"_blank\">et enrichissement des cours papier<\/a>,<\/li>\n<li><a href=\"http:\/\/doc.rero.ch\/record\/208866?ln=fr\" target=\"_blank\">Travail de Bachelor de Moix, Katia\u2009; Boder, Alexandre (Dir.)\u00a0R\u00e9alit\u00e9 augment\u00e9e :une passerelle entre les offres et services de la M\u00e9diath\u00e8que Valais et ses publics<\/a>.<\/li>\n<\/ul>\n<p>N&rsquo;h\u00e9sitez pas \u00e0 nous transmettre vos r\u00e9f\u00e9rences afin de compl\u00e9ter cette liste.<\/p>\n<p><img loading=\"lazy\" decoding=\"async\" class=\"size-medium wp-image-39 aligncenter\" src=\"https:\/\/bibliocode.edu-vd.ch\/wp-content\/uploads\/2016\/01\/logofull-300x76.png\" alt=\"logofull\" width=\"300\" height=\"76\" srcset=\"https:\/\/bibliocode.edu-vd.ch\/wp-content\/uploads\/2016\/01\/logofull-300x76.png 300w, https:\/\/bibliocode.edu-vd.ch\/wp-content\/uploads\/2016\/01\/logofull-768x195.png 768w, https:\/\/bibliocode.edu-vd.ch\/wp-content\/uploads\/2016\/01\/logofull.png 800w\" sizes=\"auto, (max-width: 300px) 100vw, 300px\" \/><\/p>\n<p>&nbsp;<\/p>\n<p>&nbsp;<\/p>\n","protected":false},"excerpt":{"rendered":"<p>Quelques r\u00e9f\u00e9rences en lien avec\u00a0des codes QR dans le monde francophone : Quelques utilisations de code QR en classe, Page scoop.it d\u00e9di\u00e9e aux usages des codes QR en biblioth\u00e8ques, Prospective&#8230;<\/p>\n","protected":false},"author":1,"featured_media":0,"parent":0,"menu_order":0,"comment_status":"closed","ping_status":"closed","template":"","meta":{"footnotes":""},"class_list":["post-508","page","type-page","status-publish","hentry"],"_links":{"self":[{"href":"https:\/\/bibliocode.edu-vd.ch\/index.php?rest_route=\/wp\/v2\/pages\/508","targetHints":{"allow":["GET"]}}],"collection":[{"href":"https:\/\/bibliocode.edu-vd.ch\/index.php?rest_route=\/wp\/v2\/pages"}],"about":[{"href":"https:\/\/bibliocode.edu-vd.ch\/index.php?rest_route=\/wp\/v2\/types\/page"}],"author":[{"embeddable":true,"href":"https:\/\/bibliocode.edu-vd.ch\/index.php?rest_route=\/wp\/v2\/users\/1"}],"replies":[{"embeddable":true,"href":"https:\/\/bibliocode.edu-vd.ch\/index.php?rest_route=%2Fwp%2Fv2%2Fcomments&post=508"}],"version-history":[{"count":7,"href":"https:\/\/bibliocode.edu-vd.ch\/index.php?rest_route=\/wp\/v2\/pages\/508\/revisions"}],"predecessor-version":[{"id":667,"href":"https:\/\/bibliocode.edu-vd.ch\/index.php?rest_route=\/wp\/v2\/pages\/508\/revisions\/667"}],"wp:attachment":[{"href":"https:\/\/bibliocode.edu-vd.ch\/index.php?rest_route=%2Fwp%2Fv2%2Fmedia&parent=508"}],"curies":[{"name":"wp","href":"https:\/\/api.w.org\/{rel}","templated":true}]}}