{"id":65,"date":"2016-01-28T15:28:38","date_gmt":"2016-01-28T15:28:38","guid":{"rendered":"http:\/\/bibliocode.edu-vd.ch\/?page_id=65"},"modified":"2016-03-14T09:11:00","modified_gmt":"2016-03-14T09:11:00","slug":"generateur","status":"publish","type":"page","link":"https:\/\/bibliocode.edu-vd.ch\/?page_id=65","title":{"rendered":"G\u00e9n\u00e9rateur de code QR"},"content":{"rendered":"<h3>G\u00e9n\u00e9rateur de codes QR<\/h3>\n<p>Voici une petite s\u00e9lection d&rsquo;applications gratuites permettant de g\u00e9n\u00e9rer\u00a0des QR codes en ligne:<\/p>\n<ul>\n<li>https:\/\/www.unitag.io\/fr\/qrcode<\/li>\n<li>http:\/\/fr.qr-code-generator.com<\/li>\n<\/ul>\n<p><strong>Avertissement sur le \u00ab\u00a0co\u00fbt de la gratuit\u00e9\u00a0\u00bb<\/strong><\/p>\n<p>Ces applications sont gratuites, mais financ\u00e9es par de la publicit\u00e9 intempestive qui peut appara\u00eetre lors de leur utilisation. Puisque cette activit\u00e9 peut s&rsquo;inscrire dans un cadre scolaire, nous vous recommandons de les tester au pr\u00e9alable voire d&rsquo;en acqu\u00e9rir pour \u00e9viter cette probl\u00e9matique.<\/p>\n<h3>Pour g\u00e9n\u00e9rer un code QR<\/h3>\n<p>A. Consulter la page Web sur laquelle le code QR pointera une fois scann\u00e9<\/p>\n<p><img loading=\"lazy\" decoding=\"async\" class=\"wp-image-328 size-full aligncenter\" src=\"https:\/\/bibliocode.edu-vd.ch\/wp-content\/uploads\/2016\/01\/consultation-1.png\" alt=\"consultation\" width=\"1346\" height=\"379\" srcset=\"https:\/\/bibliocode.edu-vd.ch\/wp-content\/uploads\/2016\/01\/consultation-1.png 1346w, https:\/\/bibliocode.edu-vd.ch\/wp-content\/uploads\/2016\/01\/consultation-1-300x84.png 300w, https:\/\/bibliocode.edu-vd.ch\/wp-content\/uploads\/2016\/01\/consultation-1-768x216.png 768w, https:\/\/bibliocode.edu-vd.ch\/wp-content\/uploads\/2016\/01\/consultation-1-1024x288.png 1024w\" sizes=\"auto, (max-width: 1346px) 100vw, 1346px\" \/><\/p>\n<p>B. S\u00e9lectionner et copier l&rsquo;URL de cette page<\/p>\n<p><img loading=\"lazy\" decoding=\"async\" class=\"wp-image-327 size-full aligncenter\" src=\"https:\/\/bibliocode.edu-vd.ch\/wp-content\/uploads\/2016\/01\/selectioncopie-1.png\" alt=\"selectioncopie\" width=\"1348\" height=\"205\" srcset=\"https:\/\/bibliocode.edu-vd.ch\/wp-content\/uploads\/2016\/01\/selectioncopie-1.png 1348w, https:\/\/bibliocode.edu-vd.ch\/wp-content\/uploads\/2016\/01\/selectioncopie-1-300x46.png 300w, https:\/\/bibliocode.edu-vd.ch\/wp-content\/uploads\/2016\/01\/selectioncopie-1-768x117.png 768w, https:\/\/bibliocode.edu-vd.ch\/wp-content\/uploads\/2016\/01\/selectioncopie-1-1024x156.png 1024w\" sizes=\"auto, (max-width: 1348px) 100vw, 1348px\" \/><\/p>\n<p>C. Coller cette adresse dans le g\u00e9n\u00e9rateur<\/p>\n<p>D. Valider le choix<\/p>\n<p>E. T\u00e9l\u00e9charger le code g\u00e9n\u00e9r\u00e9, l&rsquo;imprimer et le tester<\/p>\n<p><img loading=\"lazy\" decoding=\"async\" class=\"wp-image-326 size-full aligncenter\" src=\"https:\/\/bibliocode.edu-vd.ch\/wp-content\/uploads\/2016\/01\/coller-1.png\" alt=\"\" width=\"1159\" height=\"398\" srcset=\"https:\/\/bibliocode.edu-vd.ch\/wp-content\/uploads\/2016\/01\/coller-1.png 1159w, https:\/\/bibliocode.edu-vd.ch\/wp-content\/uploads\/2016\/01\/coller-1-300x103.png 300w, https:\/\/bibliocode.edu-vd.ch\/wp-content\/uploads\/2016\/01\/coller-1-768x264.png 768w, https:\/\/bibliocode.edu-vd.ch\/wp-content\/uploads\/2016\/01\/coller-1-1024x352.png 1024w\" sizes=\"auto, (max-width: 1159px) 100vw, 1159px\" \/><\/p>\n","protected":false},"excerpt":{"rendered":"<p>G\u00e9n\u00e9rateur de codes QR Voici une petite s\u00e9lection d&rsquo;applications gratuites permettant de g\u00e9n\u00e9rer\u00a0des QR codes en ligne: https:\/\/www.unitag.io\/fr\/qrcode http:\/\/fr.qr-code-generator.com Avertissement sur le \u00ab\u00a0co\u00fbt de la gratuit\u00e9\u00a0\u00bb Ces applications sont gratuites,&#8230;<\/p>\n","protected":false},"author":1,"featured_media":0,"parent":15,"menu_order":0,"comment_status":"closed","ping_status":"closed","template":"","meta":{"footnotes":""},"class_list":["post-65","page","type-page","status-publish","hentry"],"_links":{"self":[{"href":"https:\/\/bibliocode.edu-vd.ch\/index.php?rest_route=\/wp\/v2\/pages\/65","targetHints":{"allow":["GET"]}}],"collection":[{"href":"https:\/\/bibliocode.edu-vd.ch\/index.php?rest_route=\/wp\/v2\/pages"}],"about":[{"href":"https:\/\/bibliocode.edu-vd.ch\/index.php?rest_route=\/wp\/v2\/types\/page"}],"author":[{"embeddable":true,"href":"https:\/\/bibliocode.edu-vd.ch\/index.php?rest_route=\/wp\/v2\/users\/1"}],"replies":[{"embeddable":true,"href":"https:\/\/bibliocode.edu-vd.ch\/index.php?rest_route=%2Fwp%2Fv2%2Fcomments&post=65"}],"version-history":[{"count":13,"href":"https:\/\/bibliocode.edu-vd.ch\/index.php?rest_route=\/wp\/v2\/pages\/65\/revisions"}],"predecessor-version":[{"id":665,"href":"https:\/\/bibliocode.edu-vd.ch\/index.php?rest_route=\/wp\/v2\/pages\/65\/revisions\/665"}],"up":[{"embeddable":true,"href":"https:\/\/bibliocode.edu-vd.ch\/index.php?rest_route=\/wp\/v2\/pages\/15"}],"wp:attachment":[{"href":"https:\/\/bibliocode.edu-vd.ch\/index.php?rest_route=%2Fwp%2Fv2%2Fmedia&parent=65"}],"curies":[{"name":"wp","href":"https:\/\/api.w.org\/{rel}","templated":true}]}}