{"id":67,"date":"2016-01-28T15:28:51","date_gmt":"2016-01-28T15:28:51","guid":{"rendered":"http:\/\/bibliocode.edu-vd.ch\/?page_id=67"},"modified":"2016-03-14T09:12:18","modified_gmt":"2016-03-14T09:12:18","slug":"lecteur","status":"publish","type":"page","link":"https:\/\/bibliocode.edu-vd.ch\/?page_id=67","title":{"rendered":"Lecteur de codes QR"},"content":{"rendered":"<h3>Lecteur de\u00a0codes QR<\/h3>\n<p>Voici une petite s\u00e9lection d&rsquo;applications gratuites permettant de lire des QR codes sur diverses plateformes* :<\/p>\n<ul>\n<li>iOS (iPhone, iPad) : Unitag Qr Code Scanner, I-nigma QR Code, QR Code, Code Reader from Kaywa<\/li>\n<li>Android : Qr code reader, Qr code scanner, Scanner de code QR<\/li>\n<li>Mac OS : Scan &#8211; QR Code and Barecode Reader<\/li>\n<li>En ligne :\u00a0<a href=\"http:\/\/sem.unige.ch\/oberson\/qr\/webcam.html\" target=\"_blank\">http:\/\/sem.unige.ch\/oberson\/qr\/webcam.html<\/a>,\u00a0<a href=\"https:\/\/www.the-qrcode-generator.com\/scan\" target=\"_blank\">https:\/\/www.the-qrcode-generator.com\/scan<\/a><\/li>\n<\/ul>\n<p>*N&rsquo;h\u00e9sitez pas \u00e0 nous faire part de vos d\u00e9couvertes !<\/p>\n<p><strong>Avertissement sur le \u00ab\u00a0co\u00fbt de la gratuit\u00e9\u00a0\u00bb<\/strong><\/p>\n<p>Ces applications sont gratuites, mais financ\u00e9es par la de la publicit\u00e9 intempestive qui peuvent appara\u00eetre lors de leur utilisation. Puisque cette activit\u00e9 peut s&rsquo;inscrire dans un cadre scolaire, nous vous recommandons de les tester au pr\u00e9alable voire d&rsquo;en acqu\u00e9rir pour \u00e9viter cette probl\u00e9matique.<\/p>\n<h3>Lire un code QR avec un ordinateur<\/h3>\n<p>T\u00e9l\u00e9charger et installer l&rsquo;application<\/p>\n<p>Ouvrir l&rsquo;application et pr\u00e9senter le code QR face \u00e0 la cam\u00e9ra<\/p>\n<p><img loading=\"lazy\" decoding=\"async\" class=\"alignnone wp-image-520 size-full\" src=\"https:\/\/bibliocode.edu-vd.ch\/wp-content\/uploads\/2016\/01\/ordi-petit.jpeg\" alt=\"ordi petit\" width=\"533\" height=\"400\" srcset=\"https:\/\/bibliocode.edu-vd.ch\/wp-content\/uploads\/2016\/01\/ordi-petit.jpeg 533w, https:\/\/bibliocode.edu-vd.ch\/wp-content\/uploads\/2016\/01\/ordi-petit-300x225.jpeg 300w\" sizes=\"auto, (max-width: 533px) 100vw, 533px\" \/><\/p>\n<h3>Lire un code QR avec une tablette<\/h3>\n<p>T\u00e9l\u00e9charger et installer l&rsquo;application<\/p>\n<div id=\"attachment_427\" style=\"width: 235px\" class=\"wp-caption alignleft\"><img loading=\"lazy\" decoding=\"async\" aria-describedby=\"caption-attachment-427\" class=\"wp-image-427 size-medium\" src=\"https:\/\/bibliocode.edu-vd.ch\/wp-content\/uploads\/2016\/01\/scaner-225x300.png\" alt=\"scaner\" width=\"225\" height=\"300\" srcset=\"https:\/\/bibliocode.edu-vd.ch\/wp-content\/uploads\/2016\/01\/scaner-225x300.png 225w, https:\/\/bibliocode.edu-vd.ch\/wp-content\/uploads\/2016\/01\/scaner.png 375w\" sizes=\"auto, (max-width: 225px) 100vw, 225px\" \/><p id=\"caption-attachment-427\" class=\"wp-caption-text\">Ouvrir l&rsquo;application (ici Unitag QR scanner sur un iPad)<\/p><\/div>\n<div id=\"attachment_428\" style=\"width: 235px\" class=\"wp-caption alignleft\"><img loading=\"lazy\" decoding=\"async\" aria-describedby=\"caption-attachment-428\" class=\"wp-image-428 size-medium\" src=\"https:\/\/bibliocode.edu-vd.ch\/wp-content\/uploads\/2016\/01\/scaner2-225x300.jpg\" alt=\"scaner2\" width=\"225\" height=\"300\" srcset=\"https:\/\/bibliocode.edu-vd.ch\/wp-content\/uploads\/2016\/01\/scaner2-225x300.jpg 225w, https:\/\/bibliocode.edu-vd.ch\/wp-content\/uploads\/2016\/01\/scaner2.jpg 375w\" sizes=\"auto, (max-width: 225px) 100vw, 225px\" \/><p id=\"caption-attachment-428\" class=\"wp-caption-text\">Survoler le code QR avec la tablette<\/p><\/div>\n<div id=\"attachment_429\" style=\"width: 235px\" class=\"wp-caption alignleft\"><img loading=\"lazy\" decoding=\"async\" aria-describedby=\"caption-attachment-429\" class=\"wp-image-429 size-medium\" src=\"https:\/\/bibliocode.edu-vd.ch\/wp-content\/uploads\/2016\/01\/scaner3-225x300.png\" alt=\"scaner3\" width=\"225\" height=\"300\" srcset=\"https:\/\/bibliocode.edu-vd.ch\/wp-content\/uploads\/2016\/01\/scaner3-225x300.png 225w, https:\/\/bibliocode.edu-vd.ch\/wp-content\/uploads\/2016\/01\/scaner3.png 375w\" sizes=\"auto, (max-width: 225px) 100vw, 225px\" \/><p id=\"caption-attachment-429\" class=\"wp-caption-text\">Valider l&rsquo;ouverture du lien<\/p><\/div>\n<div id=\"attachment_430\" style=\"width: 235px\" class=\"wp-caption alignleft\"><img loading=\"lazy\" decoding=\"async\" aria-describedby=\"caption-attachment-430\" class=\"wp-image-430 size-medium\" src=\"https:\/\/bibliocode.edu-vd.ch\/wp-content\/uploads\/2016\/01\/scaner4-225x300.png\" alt=\"scaner4\" width=\"225\" height=\"300\" srcset=\"https:\/\/bibliocode.edu-vd.ch\/wp-content\/uploads\/2016\/01\/scaner4-225x300.png 225w, https:\/\/bibliocode.edu-vd.ch\/wp-content\/uploads\/2016\/01\/scaner4.png 375w\" sizes=\"auto, (max-width: 225px) 100vw, 225px\" \/><p id=\"caption-attachment-430\" class=\"wp-caption-text\">La page concern\u00e9e s&rsquo;affiche sur le navigateur<\/p><\/div>\n<h3><\/h3>\n<h3><\/h3>\n<h3><\/h3>\n<h3><\/h3>\n","protected":false},"excerpt":{"rendered":"<p>Lecteur de\u00a0codes QR Voici une petite s\u00e9lection d&rsquo;applications gratuites permettant de lire des QR codes sur diverses plateformes* : iOS (iPhone, iPad) : Unitag Qr Code Scanner, I-nigma QR Code,&#8230;<\/p>\n","protected":false},"author":1,"featured_media":0,"parent":15,"menu_order":0,"comment_status":"closed","ping_status":"closed","template":"","meta":{"footnotes":""},"class_list":["post-67","page","type-page","status-publish","hentry"],"_links":{"self":[{"href":"https:\/\/bibliocode.edu-vd.ch\/index.php?rest_route=\/wp\/v2\/pages\/67","targetHints":{"allow":["GET"]}}],"collection":[{"href":"https:\/\/bibliocode.edu-vd.ch\/index.php?rest_route=\/wp\/v2\/pages"}],"about":[{"href":"https:\/\/bibliocode.edu-vd.ch\/index.php?rest_route=\/wp\/v2\/types\/page"}],"author":[{"embeddable":true,"href":"https:\/\/bibliocode.edu-vd.ch\/index.php?rest_route=\/wp\/v2\/users\/1"}],"replies":[{"embeddable":true,"href":"https:\/\/bibliocode.edu-vd.ch\/index.php?rest_route=%2Fwp%2Fv2%2Fcomments&post=67"}],"version-history":[{"count":14,"href":"https:\/\/bibliocode.edu-vd.ch\/index.php?rest_route=\/wp\/v2\/pages\/67\/revisions"}],"predecessor-version":[{"id":666,"href":"https:\/\/bibliocode.edu-vd.ch\/index.php?rest_route=\/wp\/v2\/pages\/67\/revisions\/666"}],"up":[{"embeddable":true,"href":"https:\/\/bibliocode.edu-vd.ch\/index.php?rest_route=\/wp\/v2\/pages\/15"}],"wp:attachment":[{"href":"https:\/\/bibliocode.edu-vd.ch\/index.php?rest_route=%2Fwp%2Fv2%2Fmedia&parent=67"}],"curies":[{"name":"wp","href":"https:\/\/api.w.org\/{rel}","templated":true}]}}