{"id":71,"date":"2016-01-28T15:31:21","date_gmt":"2016-01-28T15:31:21","guid":{"rendered":"http:\/\/bibliocode.edu-vd.ch\/?page_id=71"},"modified":"2016-03-15T13:37:39","modified_gmt":"2016-03-15T13:37:39","slug":"activites","status":"publish","type":"page","link":"https:\/\/bibliocode.edu-vd.ch\/?page_id=71","title":{"rendered":"Activit\u00e9s"},"content":{"rendered":"<h3>Les activit\u00e9s en lien avec\u00a0des codes QR en biblioth\u00e8que<\/h3>\n<h4><\/h4>\n<p>A ce jour, nous avons identifi\u00e9 deux\u00a0types d&rsquo;activit\u00e9s avec les codes QR en biblioth\u00e8que :<\/p>\n<ul>\n<li><a href=\"https:\/\/bibliocode.edu-vd.ch\/?page_id=75\">le lien vers une page Web<\/a>,<\/li>\n<li><a href=\"https:\/\/bibliocode.edu-vd.ch\/?page_id=73\">le rallye biblioth\u00e8que : succession de pages Web organis\u00e9es (une page Web correspond \u00e0 un poste du rallye)<\/a>,<\/li>\n<\/ul>\n<p>Ces activit\u00e9s sont d\u00e9crites dans les pages du menu \u00ab\u00a0Activit\u00e9s\u00a0\u00bb. Les pages \u00e9dit\u00e9es par les biblioth\u00e9caires figurent\u00a0dans l&rsquo;onglet \u00ab\u00a0Cat\u00e9gories\u00a0\u00bb du pied de page.<\/p>\n<h4><\/h4>\n<h3>Principe<\/h3>\n<p>Une activit\u00e9 est stock\u00e9e sur une page Web. Le code QR encode l&rsquo;adresse de cette page (URL).\u00a0Par exemple, l&rsquo;adresse Web de cette page est chiffr\u00e9e dans le code QR ci-dessous.<\/p>\n<p><img loading=\"lazy\" decoding=\"async\" class=\"wp-image-341 size-large alignnone\" src=\"https:\/\/bibliocode.edu-vd.ch\/wp-content\/uploads\/2016\/01\/consultation-1024x288.png\" alt=\"consultation\" width=\"1024\" height=\"288\" srcset=\"https:\/\/bibliocode.edu-vd.ch\/wp-content\/uploads\/2016\/01\/consultation-1024x288.png 1024w, https:\/\/bibliocode.edu-vd.ch\/wp-content\/uploads\/2016\/01\/consultation-300x84.png 300w, https:\/\/bibliocode.edu-vd.ch\/wp-content\/uploads\/2016\/01\/consultation-768x216.png 768w, https:\/\/bibliocode.edu-vd.ch\/wp-content\/uploads\/2016\/01\/consultation.png 1346w\" sizes=\"auto, (max-width: 1024px) 100vw, 1024px\" \/><\/p>\n<p>&nbsp;<\/p>\n<p><img loading=\"lazy\" decoding=\"async\" class=\"wp-image-342 size-full alignnone\" src=\"https:\/\/bibliocode.edu-vd.ch\/wp-content\/uploads\/2016\/01\/Unitag_QRCode_poisson0.png\" alt=\"Unitag_QRCode_poisson0\" width=\"300\" height=\"300\" srcset=\"https:\/\/bibliocode.edu-vd.ch\/wp-content\/uploads\/2016\/01\/Unitag_QRCode_poisson0.png 300w, https:\/\/bibliocode.edu-vd.ch\/wp-content\/uploads\/2016\/01\/Unitag_QRCode_poisson0-150x150.png 150w, https:\/\/bibliocode.edu-vd.ch\/wp-content\/uploads\/2016\/01\/Unitag_QRCode_poisson0-50x50.png 50w, https:\/\/bibliocode.edu-vd.ch\/wp-content\/uploads\/2016\/01\/Unitag_QRCode_poisson0-100x100.png 100w\" sizes=\"auto, (max-width: 300px) 100vw, 300px\" \/><\/p>\n<p>Vous trouverez plus de d\u00e9tails pour g\u00e9n\u00e9rer un code QR sur cette <a href=\"https:\/\/bibliocode.edu-vd.ch\/?page_id=65\">page<\/a>.<\/p>\n<h4><\/h4>\n","protected":false},"excerpt":{"rendered":"<p>Les activit\u00e9s en lien avec\u00a0des codes QR en biblioth\u00e8que A ce jour, nous avons identifi\u00e9 deux\u00a0types d&rsquo;activit\u00e9s avec les codes QR en biblioth\u00e8que : le lien vers une page Web,&#8230;<\/p>\n","protected":false},"author":1,"featured_media":0,"parent":0,"menu_order":0,"comment_status":"closed","ping_status":"closed","template":"","meta":{"footnotes":""},"class_list":["post-71","page","type-page","status-publish","hentry"],"_links":{"self":[{"href":"https:\/\/bibliocode.edu-vd.ch\/index.php?rest_route=\/wp\/v2\/pages\/71","targetHints":{"allow":["GET"]}}],"collection":[{"href":"https:\/\/bibliocode.edu-vd.ch\/index.php?rest_route=\/wp\/v2\/pages"}],"about":[{"href":"https:\/\/bibliocode.edu-vd.ch\/index.php?rest_route=\/wp\/v2\/types\/page"}],"author":[{"embeddable":true,"href":"https:\/\/bibliocode.edu-vd.ch\/index.php?rest_route=\/wp\/v2\/users\/1"}],"replies":[{"embeddable":true,"href":"https:\/\/bibliocode.edu-vd.ch\/index.php?rest_route=%2Fwp%2Fv2%2Fcomments&post=71"}],"version-history":[{"count":11,"href":"https:\/\/bibliocode.edu-vd.ch\/index.php?rest_route=\/wp\/v2\/pages\/71\/revisions"}],"predecessor-version":[{"id":716,"href":"https:\/\/bibliocode.edu-vd.ch\/index.php?rest_route=\/wp\/v2\/pages\/71\/revisions\/716"}],"wp:attachment":[{"href":"https:\/\/bibliocode.edu-vd.ch\/index.php?rest_route=%2Fwp%2Fv2%2Fmedia&parent=71"}],"curies":[{"name":"wp","href":"https:\/\/api.w.org\/{rel}","templated":true}]}}