{"id":73,"date":"2016-01-28T15:32:01","date_gmt":"2016-01-28T15:32:01","guid":{"rendered":"http:\/\/bibliocode.edu-vd.ch\/?page_id=73"},"modified":"2016-03-14T09:21:25","modified_gmt":"2016-03-14T09:21:25","slug":"le-rallye-bibliotheque","status":"publish","type":"page","link":"https:\/\/bibliocode.edu-vd.ch\/?page_id=73","title":{"rendered":"Le rallye biblioth\u00e8que QR code"},"content":{"rendered":"<h3>Le rallye biblioth\u00e8que QR code<\/h3>\n<p>Le rallye biblioth\u00e8que QR code est un rallye num\u00e9rique\u00a0qui utilise\u00a0des pages Web successives reli\u00e9es les unes aux autres.<\/p>\n<p>Chaque poste est une activit\u00e9 sur page Web. L&rsquo;adresse de cette page est alors cod\u00e9e sous forme de code QR.\u00a0Il suffit \u00e0 l&rsquo;\u00e9l\u00e8ve de num\u00e9riser le code pour d\u00e9couvrir l&rsquo;activit\u00e9.<\/p>\n<div id=\"attachment_449\" style=\"width: 460px\" class=\"wp-caption alignleft\"><img loading=\"lazy\" decoding=\"async\" aria-describedby=\"caption-attachment-449\" class=\"wp-image-449\" src=\"https:\/\/bibliocode.edu-vd.ch\/wp-content\/uploads\/2016\/03\/scan1-300x200.jpg\" alt=\"scan1\" width=\"450\" height=\"300\" srcset=\"https:\/\/bibliocode.edu-vd.ch\/wp-content\/uploads\/2016\/03\/scan1-300x200.jpg 300w, https:\/\/bibliocode.edu-vd.ch\/wp-content\/uploads\/2016\/03\/scan1-768x512.jpg 768w, https:\/\/bibliocode.edu-vd.ch\/wp-content\/uploads\/2016\/03\/scan1.jpg 1000w\" sizes=\"auto, (max-width: 450px) 100vw, 450px\" \/><p id=\"caption-attachment-449\" class=\"wp-caption-text\">Le code QR est plac\u00e9 dans un endroit sp\u00e9cifique de la biblioth\u00e8que.<\/p><\/div>\n<div id=\"attachment_444\" style=\"width: 460px\" class=\"wp-caption alignleft\"><img loading=\"lazy\" decoding=\"async\" aria-describedby=\"caption-attachment-444\" class=\"wp-image-444\" src=\"https:\/\/bibliocode.edu-vd.ch\/wp-content\/uploads\/2016\/01\/scan2-300x200.jpg\" alt=\"scan2\" width=\"450\" height=\"300\" srcset=\"https:\/\/bibliocode.edu-vd.ch\/wp-content\/uploads\/2016\/01\/scan2-300x200.jpg 300w, https:\/\/bibliocode.edu-vd.ch\/wp-content\/uploads\/2016\/01\/scan2-768x512.jpg 768w, https:\/\/bibliocode.edu-vd.ch\/wp-content\/uploads\/2016\/01\/scan2.jpg 1000w\" sizes=\"auto, (max-width: 450px) 100vw, 450px\" \/><p id=\"caption-attachment-444\" class=\"wp-caption-text\">L&rsquo;\u00e9l\u00e8ve scanne le code QR avec une application sp\u00e9cifique.<\/p><\/div>\n<p>&nbsp;<\/p>\n<p>&nbsp;<\/p>\n<p>&nbsp;<\/p>\n<p>&nbsp;<\/p>\n<p>&nbsp;<\/p>\n<p>&nbsp;<\/p>\n<p>&nbsp;<\/p>\n<div id=\"attachment_445\" style=\"width: 460px\" class=\"wp-caption alignleft\"><img loading=\"lazy\" decoding=\"async\" aria-describedby=\"caption-attachment-445\" class=\"wp-image-445\" src=\"https:\/\/bibliocode.edu-vd.ch\/wp-content\/uploads\/2016\/01\/scan3-300x200.jpg\" alt=\"scan3\" width=\"450\" height=\"300\" srcset=\"https:\/\/bibliocode.edu-vd.ch\/wp-content\/uploads\/2016\/01\/scan3-300x200.jpg 300w, https:\/\/bibliocode.edu-vd.ch\/wp-content\/uploads\/2016\/01\/scan3-768x512.jpg 768w, https:\/\/bibliocode.edu-vd.ch\/wp-content\/uploads\/2016\/01\/scan3.jpg 1000w\" sizes=\"auto, (max-width: 450px) 100vw, 450px\" \/><p id=\"caption-attachment-445\" class=\"wp-caption-text\">Le code QR correspond \u00e0 une page Web du rallye.<\/p><\/div>\n<div id=\"attachment_446\" style=\"width: 460px\" class=\"wp-caption alignleft\"><img loading=\"lazy\" decoding=\"async\" aria-describedby=\"caption-attachment-446\" class=\"wp-image-446\" src=\"https:\/\/bibliocode.edu-vd.ch\/wp-content\/uploads\/2016\/01\/scan4-300x200.png\" alt=\"scan4\" width=\"450\" height=\"300\" srcset=\"https:\/\/bibliocode.edu-vd.ch\/wp-content\/uploads\/2016\/01\/scan4-300x200.png 300w, https:\/\/bibliocode.edu-vd.ch\/wp-content\/uploads\/2016\/01\/scan4-768x512.png 768w, https:\/\/bibliocode.edu-vd.ch\/wp-content\/uploads\/2016\/01\/scan4.png 1000w\" sizes=\"auto, (max-width: 450px) 100vw, 450px\" \/><p id=\"caption-attachment-446\" class=\"wp-caption-text\">Exemple de consigne avec quelques r\u00e9ponses possibles sous forme de liens.<\/p><\/div>\n","protected":false},"excerpt":{"rendered":"<p>Le rallye biblioth\u00e8que QR code Le rallye biblioth\u00e8que QR code est un rallye num\u00e9rique\u00a0qui utilise\u00a0des pages Web successives reli\u00e9es les unes aux autres. Chaque poste est une activit\u00e9 sur page&#8230;<\/p>\n","protected":false},"author":1,"featured_media":0,"parent":71,"menu_order":0,"comment_status":"closed","ping_status":"closed","template":"","meta":{"footnotes":""},"class_list":["post-73","page","type-page","status-publish","hentry"],"_links":{"self":[{"href":"https:\/\/bibliocode.edu-vd.ch\/index.php?rest_route=\/wp\/v2\/pages\/73","targetHints":{"allow":["GET"]}}],"collection":[{"href":"https:\/\/bibliocode.edu-vd.ch\/index.php?rest_route=\/wp\/v2\/pages"}],"about":[{"href":"https:\/\/bibliocode.edu-vd.ch\/index.php?rest_route=\/wp\/v2\/types\/page"}],"author":[{"embeddable":true,"href":"https:\/\/bibliocode.edu-vd.ch\/index.php?rest_route=\/wp\/v2\/users\/1"}],"replies":[{"embeddable":true,"href":"https:\/\/bibliocode.edu-vd.ch\/index.php?rest_route=%2Fwp%2Fv2%2Fcomments&post=73"}],"version-history":[{"count":12,"href":"https:\/\/bibliocode.edu-vd.ch\/index.php?rest_route=\/wp\/v2\/pages\/73\/revisions"}],"predecessor-version":[{"id":442,"href":"https:\/\/bibliocode.edu-vd.ch\/index.php?rest_route=\/wp\/v2\/pages\/73\/revisions\/442"}],"up":[{"embeddable":true,"href":"https:\/\/bibliocode.edu-vd.ch\/index.php?rest_route=\/wp\/v2\/pages\/71"}],"wp:attachment":[{"href":"https:\/\/bibliocode.edu-vd.ch\/index.php?rest_route=%2Fwp%2Fv2%2Fmedia&parent=73"}],"curies":[{"name":"wp","href":"https:\/\/api.w.org\/{rel}","templated":true}]}}