{"id":75,"date":"2016-01-28T15:32:26","date_gmt":"2016-01-28T15:32:26","guid":{"rendered":"http:\/\/bibliocode.edu-vd.ch\/?page_id=75"},"modified":"2016-03-15T13:39:36","modified_gmt":"2016-03-15T13:39:36","slug":"amorce-ou-prolongement","status":"publish","type":"page","link":"https:\/\/bibliocode.edu-vd.ch\/?page_id=75","title":{"rendered":"Lien sur une page Web"},"content":{"rendered":"<h3>Lien sur une page Web<\/h3>\n<p>Les codes QR suivants permettent d&rsquo;afficher une page Web sp\u00e9cifique. Ils permettent de d\u00e9buter ou de prolonger une activit\u00e9. Il suffit de l&rsquo;imprimer et de le coller au dos d&rsquo;un document, sur une table ou sur un rayon par exemple.<br \/>\nPour visionner les pages en question sans lecteur de codes QR, il suffit de cliquer sur ces derniers.<\/p>\n<p>&nbsp;<\/p>\n<div id=\"attachment_425\" style=\"width: 310px\" class=\"wp-caption alignleft\"><a href=\"http:\/\/www.bibliocode.edu-vd.ch\" target=\"_blank\"><img loading=\"lazy\" decoding=\"async\" aria-describedby=\"caption-attachment-425\" class=\"wp-image-425 size-full\" src=\"https:\/\/bibliocode.edu-vd.ch\/wp-content\/uploads\/2016\/03\/Unitag_QRCode_Bibliocodeb.png\" alt=\"Unitag_QRCode_Bibliocodeb\" width=\"300\" height=\"300\" srcset=\"https:\/\/bibliocode.edu-vd.ch\/wp-content\/uploads\/2016\/03\/Unitag_QRCode_Bibliocodeb.png 300w, https:\/\/bibliocode.edu-vd.ch\/wp-content\/uploads\/2016\/03\/Unitag_QRCode_Bibliocodeb-150x150.png 150w, https:\/\/bibliocode.edu-vd.ch\/wp-content\/uploads\/2016\/03\/Unitag_QRCode_Bibliocodeb-50x50.png 50w, https:\/\/bibliocode.edu-vd.ch\/wp-content\/uploads\/2016\/03\/Unitag_QRCode_Bibliocodeb-100x100.png 100w\" sizes=\"auto, (max-width: 300px) 100vw, 300px\" \/><\/a><p id=\"caption-attachment-425\" class=\"wp-caption-text\">Lien sur la page Web http:\/\/www.bibliocode.edu-vd.ch<\/p><\/div>\n<div id=\"attachment_439\" style=\"width: 310px\" class=\"wp-caption alignleft\"><a href=\"http:\/\/www.mediathequedumont.ch\" target=\"_blank\"><img loading=\"lazy\" decoding=\"async\" aria-describedby=\"caption-attachment-439\" class=\"wp-image-439 size-full\" src=\"https:\/\/bibliocode.edu-vd.ch\/wp-content\/uploads\/2016\/03\/Unitag_QRCode_Mediatheque_du_Mont.png\" alt=\"Unitag_QRCode_Mediatheque_du_Mont\" width=\"300\" height=\"300\" srcset=\"https:\/\/bibliocode.edu-vd.ch\/wp-content\/uploads\/2016\/03\/Unitag_QRCode_Mediatheque_du_Mont.png 300w, https:\/\/bibliocode.edu-vd.ch\/wp-content\/uploads\/2016\/03\/Unitag_QRCode_Mediatheque_du_Mont-150x150.png 150w, https:\/\/bibliocode.edu-vd.ch\/wp-content\/uploads\/2016\/03\/Unitag_QRCode_Mediatheque_du_Mont-50x50.png 50w, https:\/\/bibliocode.edu-vd.ch\/wp-content\/uploads\/2016\/03\/Unitag_QRCode_Mediatheque_du_Mont-100x100.png 100w\" sizes=\"auto, (max-width: 300px) 100vw, 300px\" \/><\/a><p id=\"caption-attachment-439\" class=\"wp-caption-text\">Lien sur la page Web http:\/\/www.mediathequedumont.ch<\/p><\/div>\n<div id=\"attachment_455\" style=\"width: 310px\" class=\"wp-caption alignleft\"><a href=\"https:\/\/bibliocode.edu-vd.ch\/?p=289\" target=\"_blank\"><img loading=\"lazy\" decoding=\"async\" aria-describedby=\"caption-attachment-455\" class=\"wp-image-455 size-full\" src=\"https:\/\/bibliocode.edu-vd.ch\/wp-content\/uploads\/2016\/01\/Unitag_QRCode_decouverte500.png\" alt=\"Unitag_QRCode_decouverte500\" width=\"300\" height=\"300\" srcset=\"https:\/\/bibliocode.edu-vd.ch\/wp-content\/uploads\/2016\/01\/Unitag_QRCode_decouverte500.png 300w, https:\/\/bibliocode.edu-vd.ch\/wp-content\/uploads\/2016\/01\/Unitag_QRCode_decouverte500-150x150.png 150w, https:\/\/bibliocode.edu-vd.ch\/wp-content\/uploads\/2016\/01\/Unitag_QRCode_decouverte500-50x50.png 50w, https:\/\/bibliocode.edu-vd.ch\/wp-content\/uploads\/2016\/01\/Unitag_QRCode_decouverte500-100x100.png 100w\" sizes=\"auto, (max-width: 300px) 100vw, 300px\" \/><\/a><p id=\"caption-attachment-455\" class=\"wp-caption-text\">Lecture d&rsquo;un extrait du livre par une \u00e9l\u00e8ve. Lien sur la page Web https:\/\/bibliocode.edu-vd.ch\/?p=289<\/p><\/div>\n<div id=\"attachment_466\" style=\"width: 310px\" class=\"wp-caption alignleft\"><a href=\"https:\/\/bibliocode.edu-vd.ch\/?p=457\" target=\"_blank\"><img loading=\"lazy\" decoding=\"async\" aria-describedby=\"caption-attachment-466\" class=\"wp-image-466 size-full\" src=\"https:\/\/bibliocode.edu-vd.ch\/wp-content\/uploads\/2016\/01\/Unitag_QRCode_Si_je_reste.png\" alt=\"Unitag_QRCode_Si_je_reste\" width=\"300\" height=\"300\" srcset=\"https:\/\/bibliocode.edu-vd.ch\/wp-content\/uploads\/2016\/01\/Unitag_QRCode_Si_je_reste.png 300w, https:\/\/bibliocode.edu-vd.ch\/wp-content\/uploads\/2016\/01\/Unitag_QRCode_Si_je_reste-150x150.png 150w, https:\/\/bibliocode.edu-vd.ch\/wp-content\/uploads\/2016\/01\/Unitag_QRCode_Si_je_reste-50x50.png 50w, https:\/\/bibliocode.edu-vd.ch\/wp-content\/uploads\/2016\/01\/Unitag_QRCode_Si_je_reste-100x100.png 100w\" sizes=\"auto, (max-width: 300px) 100vw, 300px\" \/><\/a><p id=\"caption-attachment-466\" class=\"wp-caption-text\">Page de r\u00e9sum\u00e9 et d&rsquo;avis d&rsquo;un \u00e9l\u00e8ve sur un ouvrage. Lien sur https:\/\/bibliocode.edu-vd.ch\/?p=457<\/p><\/div>\n","protected":false},"excerpt":{"rendered":"<p>Lien sur une page Web Les codes QR suivants permettent d&rsquo;afficher une page Web sp\u00e9cifique. Ils permettent de d\u00e9buter ou de prolonger une activit\u00e9. Il suffit de l&rsquo;imprimer et de&#8230;<\/p>\n","protected":false},"author":1,"featured_media":0,"parent":71,"menu_order":0,"comment_status":"closed","ping_status":"closed","template":"","meta":{"footnotes":""},"class_list":["post-75","page","type-page","status-publish","hentry"],"_links":{"self":[{"href":"https:\/\/bibliocode.edu-vd.ch\/index.php?rest_route=\/wp\/v2\/pages\/75","targetHints":{"allow":["GET"]}}],"collection":[{"href":"https:\/\/bibliocode.edu-vd.ch\/index.php?rest_route=\/wp\/v2\/pages"}],"about":[{"href":"https:\/\/bibliocode.edu-vd.ch\/index.php?rest_route=\/wp\/v2\/types\/page"}],"author":[{"embeddable":true,"href":"https:\/\/bibliocode.edu-vd.ch\/index.php?rest_route=\/wp\/v2\/users\/1"}],"replies":[{"embeddable":true,"href":"https:\/\/bibliocode.edu-vd.ch\/index.php?rest_route=%2Fwp%2Fv2%2Fcomments&post=75"}],"version-history":[{"count":17,"href":"https:\/\/bibliocode.edu-vd.ch\/index.php?rest_route=\/wp\/v2\/pages\/75\/revisions"}],"predecessor-version":[{"id":718,"href":"https:\/\/bibliocode.edu-vd.ch\/index.php?rest_route=\/wp\/v2\/pages\/75\/revisions\/718"}],"up":[{"embeddable":true,"href":"https:\/\/bibliocode.edu-vd.ch\/index.php?rest_route=\/wp\/v2\/pages\/71"}],"wp:attachment":[{"href":"https:\/\/bibliocode.edu-vd.ch\/index.php?rest_route=%2Fwp%2Fv2%2Fmedia&parent=75"}],"curies":[{"name":"wp","href":"https:\/\/api.w.org\/{rel}","templated":true}]}}