{"id":84,"date":"2016-01-28T15:39:01","date_gmt":"2016-01-28T15:39:01","guid":{"rendered":"http:\/\/bibliocode.edu-vd.ch\/?page_id=84"},"modified":"2016-03-11T14:37:27","modified_gmt":"2016-03-11T14:37:27","slug":"a-propos","status":"publish","type":"page","link":"https:\/\/bibliocode.edu-vd.ch\/?page_id=84","title":{"rendered":"A propos"},"content":{"rendered":"\r\n\t<div id=\"fws_6a006d0356c20\" data-bg-mobile-hidden=\"\" class=\"wpb_row vc_row-fluid standard_section   \"  style=\"padding-top: 0px; padding-bottom: 0px; \"><div class=\"row-bg-wrap\"> <div class=\"row-bg   \" style=\"\"><\/div> <\/div><div class=\"col span_12 dark \">\n\t<div  class=\"vc_span12 wpb_column column_container col no-extra-padding\"  data-padding-pos=\"all\" data-hover-bg=\"\" data-animation=\"\" data-delay=\"0\">\n\t\t<div class=\"wpb_wrapper\">\n\t\t\t\n\t<div class=\"wpb_text_column wpb_content_element \">\n\t\t<div class=\"wpb_wrapper\">\n\t\t\t<h3>La Coordination des biblioth\u00e8ques scolaires<\/h3>\n<h4><span id=\"La_bibliothque_scolaire_un_outil_pdagogique_au_service_des_apprentissages\">La biblioth\u00e8que scolaire, un outil p\u00e9dagogique au service des apprentissages<\/span><\/h4>\n<p>La fr\u00e9quentation r\u00e9guli\u00e8re d\u2019une biblioth\u00e8que scolaire favorise le go\u00fbt de la lecture et la construction de r\u00e9f\u00e9rences culturelles chez les \u00e9l\u00e8ves. Elle leur permet \u00e9galement de d\u00e9velopper des comp\u00e9tences de recherche et d\u2019utilisation pertinentes et responsables de l\u2019information, notamment num\u00e9rique.<\/p>\n<p>L\u2019acquisition de ces comp\u00e9tences est par ailleurs inscrite dans le Plan d\u2019\u00e9tudes romand (PER). Outre l\u2019acc\u00e8s \u00e0 une biblioth\u00e8que dot\u00e9e d\u2019une collection vari\u00e9e, les \u00e9l\u00e8ves doivent pouvoir b\u00e9n\u00e9ficier d\u2019un encadrement ad\u00e9quat et d\u2019animations p\u00e9dagogiques qui concourent \u00e0 l\u2019atteinte des objectifs du PER. La biblioth\u00e8que scolaire, en soutien \u00e0 l\u2019enseignement, participe ainsi \u00e0 la formation des \u00e9l\u00e8ves.<\/p>\n<p>&nbsp;<\/p>\n<h4><span id=\"Missions_de_la_Coordination_des_bibliothques_scolaires\">Missions de la Coordination des biblioth\u00e8ques scolaires<\/span><\/h4>\n<p>Depuis 2013,\u00a0<strong>le D\u00e9partement de la formation, de la jeunesse et de la culture (DFJC) a d\u00e9l\u00e9gu\u00e9 sa comp\u00e9tence dans ce domaine \u00e0 la Coordination des biblioth\u00e8ques scolaires<\/strong>, notamment en finan\u00e7ant un poste de responsable. La Coordination des biblioth\u00e8ques scolaires travaille \u00e9troitement avec la Direction g\u00e9n\u00e9rale de l\u2019enseignement obligatoire (DGEO), avec le personnel des biblioth\u00e8ques, les directions des \u00e9tablissements scolaires et, lorsqu\u2019il s\u2019agit de biblioth\u00e8ques mixtes, avec les autorit\u00e9s communales.<\/p>\n<p><strong>Son objectif est d\u2019assurer un acc\u00e8s ad\u00e9quat et un encadrement de qualit\u00e9 \u00e0 tous les \u00e9l\u00e8ves dans les biblioth\u00e8ques scolaires.<\/strong><\/p>\n<p>Afin d\u2019atteindre cet objectif, la Coordination des biblioth\u00e8ques scolaires a entrepris les d\u00e9marches suivantes\u00a0:<\/p>\n<ul>\n<li><strong>\u00c9tablissement de normes<\/strong>. Ces derni\u00e8res donnent un cadre commun \u00e0 toutes les biblioth\u00e8ques, tant en termes de missions, d\u2019organisation, de prestations que d\u2019infrastructures.<\/li>\n<li><strong>Gestion de la qualit\u00e9<\/strong>. La Coordination des biblioth\u00e8ques scolaires fournit appui et expertise pour les biblioth\u00e9caires. Elle assure \u00e9galement un r\u00e9f\u00e9rencement de donn\u00e9es et la mise en place d\u2019indicateurs.<\/li>\n<li><strong>Appui<\/strong>\u00a0aux Directions d\u2019\u00e9tablissements et\/ou aux Communes pour la gestion des ressources humaines (recrutement, formation, suivi).<\/li>\n<li><strong>Organisation<\/strong>\u00a0de conf\u00e9rences pl\u00e9ni\u00e8res, de l\u2019assembl\u00e9e annuelle et mise en r\u00e9seau des catalogues (RERO).<\/li>\n<li><strong>\u00c9laboration des mandats de prestations<\/strong>\u00a0entre les Communes et le Canton pour le cas des biblioth\u00e8ques mixtes.<\/li>\n<li><strong>Gestion de projets<\/strong>, de groupes de travail th\u00e9matiques et repr\u00e9sentation des biblioth\u00e8ques scolaires vaudoises en Suisse et \u00e0 l\u2019\u00e9tranger.<\/li>\n<\/ul>\n<p>&nbsp;<\/p>\n<p><a href=\"http:\/\/www.bcu-lausanne.ch\/bibliotheques-scolaires\/\" target=\"_blank\">La Coordination des biblioth\u00e8ques scolaires<\/a>\u00a0travaille \u00e9troitement avec la\u00a0<a href=\"http:\/\/www.vd.ch\/autorites\/departements\/dfjc\/dgeo\/\">Direction g\u00e9n\u00e9rale de l\u2019enseignement obligatoire (DGEO)<\/a>, avec le personnel des biblioth\u00e8ques, les directions des \u00e9tablissements scolaires et, lorsqu\u2019il s\u2019agit de biblioth\u00e8ques mixtes, avec les autorit\u00e9s communales.<\/p>\n\n\t\t<\/div> \n\t<\/div> \n\t\t<\/div> \n\t<\/div> \n<\/div><\/div>\n","protected":false},"excerpt":{"rendered":"La Coordination des biblioth\u00e8ques scolaires La biblioth\u00e8que scolaire, un outil p\u00e9dagogique au service des apprentissages La fr\u00e9quentation r\u00e9guli\u00e8re d\u2019une biblioth\u00e8que scolaire favorise le go\u00fbt de la lecture et la construction...","protected":false},"author":1,"featured_media":0,"parent":0,"menu_order":0,"comment_status":"closed","ping_status":"closed","template":"","meta":{"footnotes":""},"class_list":["post-84","page","type-page","status-publish","hentry"],"_links":{"self":[{"href":"https:\/\/bibliocode.edu-vd.ch\/index.php?rest_route=\/wp\/v2\/pages\/84","targetHints":{"allow":["GET"]}}],"collection":[{"href":"https:\/\/bibliocode.edu-vd.ch\/index.php?rest_route=\/wp\/v2\/pages"}],"about":[{"href":"https:\/\/bibliocode.edu-vd.ch\/index.php?rest_route=\/wp\/v2\/types\/page"}],"author":[{"embeddable":true,"href":"https:\/\/bibliocode.edu-vd.ch\/index.php?rest_route=\/wp\/v2\/users\/1"}],"replies":[{"embeddable":true,"href":"https:\/\/bibliocode.edu-vd.ch\/index.php?rest_route=%2Fwp%2Fv2%2Fcomments&post=84"}],"version-history":[{"count":16,"href":"https:\/\/bibliocode.edu-vd.ch\/index.php?rest_route=\/wp\/v2\/pages\/84\/revisions"}],"predecessor-version":[{"id":614,"href":"https:\/\/bibliocode.edu-vd.ch\/index.php?rest_route=\/wp\/v2\/pages\/84\/revisions\/614"}],"wp:attachment":[{"href":"https:\/\/bibliocode.edu-vd.ch\/index.php?rest_route=%2Fwp%2Fv2%2Fmedia&parent=84"}],"curies":[{"name":"wp","href":"https:\/\/api.w.org\/{rel}","templated":true}]}}