{"id":87,"date":"2016-01-28T15:40:28","date_gmt":"2016-01-28T15:40:28","guid":{"rendered":"http:\/\/bibliocode.edu-vd.ch\/?page_id=87"},"modified":"2016-03-29T06:49:49","modified_gmt":"2016-03-29T06:49:49","slug":"remerciements","status":"publish","type":"page","link":"https:\/\/bibliocode.edu-vd.ch\/?page_id=87","title":{"rendered":"Remerciements"},"content":{"rendered":"<h3>Remerciements<\/h3>\n<ul>\n<li>Murielle Henchoz, responsable de la <a href=\"http:\/\/www.mediathequedumont.ch\" target=\"_blank\">M\u00e9diath\u00e8que\u00a0scolaire et communale du\u00a0Mont-sur-Lausanne<\/a><\/li>\n<li>V\u00e9ronique Ammon, <a href=\"http:\/\/www.eps-rolle.ch\/vie-scolaire\/vie-etablissement\/bibliotheque-scolaire\/\" target=\"_blank\">biblioth\u00e9caire scolaire et intercommunale de Rolle<\/a><\/li>\n<li>Amandine Cerottini, <a href=\"http:\/\/www.ecoles-ollon.ch\/parascolaire\/bibliotheque-communale\/\" target=\"_blank\">biblioth\u00e9caire scolaire d&rsquo;Ollon<\/a><\/li>\n<li>M\u00e9lanie Patry, <a href=\"http:\/\/www.eps-lsvv.ch\/vie-scolaire\/vie-etablissement\/bibliotheque-scolaire\/\" target=\"_blank\">biblioth\u00e9caire de l&rsquo;EPS La Sarraz-Veyron-Venoge<\/a><\/li>\n<li><a href=\"http:\/\/www.pierrepierrepierre.com\">Pierre Dubois<\/a>, illustrateur<\/li>\n<li>Roxane et Mathieu Magnin, mod\u00e8les<\/li>\n<li><a href=\"http:\/\/www.vd.ch\/autorites\/departements\/dfjc\/dgeo\/\" target=\"_blank\">La\u00a0Direction g\u00e9n\u00e9rale de l&rsquo;enseignement obligatoire (DGEO DFJC Vaud)<\/a><\/li>\n<\/ul>\n","protected":false},"excerpt":{"rendered":"<p>Remerciements Murielle Henchoz, responsable de la M\u00e9diath\u00e8que\u00a0scolaire et communale du\u00a0Mont-sur-Lausanne V\u00e9ronique Ammon, biblioth\u00e9caire scolaire et intercommunale de Rolle Amandine Cerottini, biblioth\u00e9caire scolaire d&rsquo;Ollon M\u00e9lanie Patry, biblioth\u00e9caire de l&rsquo;EPS La Sarraz-Veyron-Venoge&#8230;<\/p>\n","protected":false},"author":1,"featured_media":0,"parent":84,"menu_order":0,"comment_status":"closed","ping_status":"closed","template":"","meta":{"footnotes":""},"class_list":["post-87","page","type-page","status-publish","hentry"],"_links":{"self":[{"href":"https:\/\/bibliocode.edu-vd.ch\/index.php?rest_route=\/wp\/v2\/pages\/87","targetHints":{"allow":["GET"]}}],"collection":[{"href":"https:\/\/bibliocode.edu-vd.ch\/index.php?rest_route=\/wp\/v2\/pages"}],"about":[{"href":"https:\/\/bibliocode.edu-vd.ch\/index.php?rest_route=\/wp\/v2\/types\/page"}],"author":[{"embeddable":true,"href":"https:\/\/bibliocode.edu-vd.ch\/index.php?rest_route=\/wp\/v2\/users\/1"}],"replies":[{"embeddable":true,"href":"https:\/\/bibliocode.edu-vd.ch\/index.php?rest_route=%2Fwp%2Fv2%2Fcomments&post=87"}],"version-history":[{"count":12,"href":"https:\/\/bibliocode.edu-vd.ch\/index.php?rest_route=\/wp\/v2\/pages\/87\/revisions"}],"predecessor-version":[{"id":723,"href":"https:\/\/bibliocode.edu-vd.ch\/index.php?rest_route=\/wp\/v2\/pages\/87\/revisions\/723"}],"up":[{"embeddable":true,"href":"https:\/\/bibliocode.edu-vd.ch\/index.php?rest_route=\/wp\/v2\/pages\/84"}],"wp:attachment":[{"href":"https:\/\/bibliocode.edu-vd.ch\/index.php?rest_route=%2Fwp%2Fv2%2Fmedia&parent=87"}],"curies":[{"name":"wp","href":"https:\/\/api.w.org\/{rel}","templated":true}]}}